{"id":4321,"date":"2017-11-23T08:18:39","date_gmt":"2017-11-23T07:18:39","guid":{"rendered":"https:\/\/yinyoga.de\/produkt\/yin-yoga-yang-yoga\/"},"modified":"2017-11-23T08:18:39","modified_gmt":"2017-11-23T07:18:39","slug":"yin-yoga-yang-yoga","status":"publish","type":"product","link":"https:\/\/yinyoga.de\/en\/produkt\/yin-yoga-yang-yoga\/","title":{"rendered":"Yin Yoga &amp; Yang Yoga"},"content":{"rendered":"<p>Yin Yoga &amp; Yang Yoga<\/p>\n<p>Nach dem \u00dcberraschungserfolg der ersten DVD &#8220;Yin Yoga &#8211; Der sanfte Weg zur inneren Mitte&#8221; gibt es nun auch eine zweite DVD f\u00fcr die \u00dcbungspraxis zu Hause mit dem Titel &#8220;Yin Yoga &amp; Yang Yoga &#8211; Sanft und kraftvoll zur inneren Mitte&#8221;.<\/p>\n<p>Die DVD bietet dem Zuschauer ausgew\u00e4hlte \u00dcbungen und Sequenzen aus Stefanie Arends Buch \u00bbYin Yoga\u00ab. Durch dieses wurde der gleichnamige Yoga-Stil erstmals dem deutschsprachigen Raum zug\u00e4nglich gemacht. Dem Zuschauer wird ein unkomplizierter Einstieg in die Yin-Yoga-Praxis geboten und zudem eine wunderbare Erg\u00e4nzung, falls er sich bereits mit dem Buch besch\u00e4ftigt hat. Die \u00dcbungen auf der DVD k\u00f6nnen jedoch auch ohne Kenntnis des Buchs ausgef\u00fchrt werden. Ausf\u00fchrliche Erkl\u00e4rungen der Autorin und eine entspannende Atmosph\u00e4re des gezeigten Raums vermitteln das Gef\u00fchl einer ganz privaten Yoga-Stunden. G\u00f6nne dir zwei Yogastunden mit der erfahrenen Yogalehrerin Stefanie Arend. Mit den \u00dcbungen der DVD \u00bbYin Yoga\u00ab st\u00e4rkst und harmonisierst du dein Bindegewebe durch passive und lang gehaltene Dehnungen. Die Folge-DVD \u00bbYin Yoga &amp; Yang Yoga\u00ab vereint Sequenzen des kraftvollen Yang Yogas und neue \u00dcbungen des entspannenden Yin Yogas zu einer ganzheitlichen Einheit.<\/p>\n<p>Trailer zur DVD <a href=\"https:\/\/youtu.be\/JnWYmK5kugs\" target=\"_blank\" rel=\"noopener\">hier auf YouTube anschauen<\/a><\/p>\n<p>Erscheinungstermin: 30. Januar 2013<\/p>\n<p>Spieldauer: 90 Minuten<\/p>\n","protected":false},"excerpt":{"rendered":"<p>Mit den \u00dcbungen der DVD \u00bbYin Yoga\u00ab st\u00e4rkst und harmonisierst du dein Bindegewebe durch passive und lang gehaltene Dehnungen. Die Folge-DVD \u00bbYin Yoga &amp; Yang Yoga\u00ab vereint Sequenzen des kraftvollen Yang Yogas und neue \u00dcbungen des entspannenden Yin Yogas zu einer ganzheitlichen Einheit.<\/p>\n","protected":false},"featured_media":12001,"comment_status":"open","ping_status":"closed","template":"","meta":[],"product_brand":[],"product_cat":[105],"product_tag":[],"class_list":{"0":"post-4321","1":"product","2":"type-product","3":"status-publish","4":"has-post-thumbnail","6":"product_cat-dvds-en","8":"first","9":"instock","10":"product-type-external"},"_links":{"self":[{"href":"https:\/\/yinyoga.de\/en\/wp-json\/wp\/v2\/product\/4321","targetHints":{"allow":["GET"]}}],"collection":[{"href":"https:\/\/yinyoga.de\/en\/wp-json\/wp\/v2\/product"}],"about":[{"href":"https:\/\/yinyoga.de\/en\/wp-json\/wp\/v2\/types\/product"}],"replies":[{"embeddable":true,"href":"https:\/\/yinyoga.de\/en\/wp-json\/wp\/v2\/comments?post=4321"}],"version-history":[{"count":0,"href":"https:\/\/yinyoga.de\/en\/wp-json\/wp\/v2\/product\/4321\/revisions"}],"wp:featuredmedia":[{"embeddable":true,"href":"https:\/\/yinyoga.de\/en\/wp-json\/wp\/v2\/media\/12001"}],"wp:attachment":[{"href":"https:\/\/yinyoga.de\/en\/wp-json\/wp\/v2\/media?parent=4321"}],"wp:term":[{"taxonomy":"product_brand","embeddable":true,"href":"https:\/\/yinyoga.de\/en\/wp-json\/wp\/v2\/product_brand?post=4321"},{"taxonomy":"product_cat","embeddable":true,"href":"https:\/\/yinyoga.de\/en\/wp-json\/wp\/v2\/product_cat?post=4321"},{"taxonomy":"product_tag","embeddable":true,"href":"https:\/\/yinyoga.de\/en\/wp-json\/wp\/v2\/product_tag?post=4321"}],"curies":[{"name":"wp","href":"https:\/\/api.w.org\/{rel}","templated":true}]}}