{"id":4322,"date":"2017-11-23T08:17:08","date_gmt":"2017-11-23T07:17:08","guid":{"rendered":"https:\/\/yinyoga.de\/produkt\/yin-yoga-der-sanfte-weg-zur-inneren-mitte\/"},"modified":"2017-11-23T08:17:08","modified_gmt":"2017-11-23T07:17:08","slug":"yin-yoga-der-sanfte-weg-zur-inneren-mitte","status":"publish","type":"product","link":"https:\/\/yinyoga.de\/en\/produkt\/yin-yoga-der-sanfte-weg-zur-inneren-mitte\/","title":{"rendered":"Yin Yoga &#8211; der sanfte Weg zur inneren Mitte"},"content":{"rendered":"<p>Yin Yoga Yin Yoga wirkt auf das tiefer liegende Bindegewebe, indem die einzelnen Asanas l\u00e4nger und mit entspannter Muskulatur (also ohne Kraft) gehalten werden. Er verbindet Erkenntnisse der Anatomie mit den Lehrern des Dao Yoga und der Meridiane. Mit dieser DVD erh\u00e4ltst du einen leichten Einstieg in die Yin Yoga-Praxis. Entweder mit einer Sequenz f\u00fcr die Leber oder einer f\u00fcr die Gallenblase. Dieses Organpaar wirkt regulierend auf den K\u00f6rper und kontrolliert so das Chi-Level. Diese Vorteile bietet Yin Yoga:<\/p>\n<ul>\n<li>ber\u00fccksichtigt die individuelle Anatomie des Menschen<\/li>\n<li>spricht besonders die Faszien an<\/li>\n<li>regt die Regeneration der Gelenke an<\/li>\n<li>f\u00f6rdert die Beweglichkeit<\/li>\n<li>harmonisiert den Chi-Fluss<\/li>\n<li>bereichtert die Meditation<\/li>\n<li>kann in jede Yogapraxis integriert werden.<\/li>\n<\/ul>\n<p>Trailer zur DVD <a href=\"https:\/\/youtu.be\/ZGd22-LbALw\" target=\"_blank\" rel=\"noopener\">hier auf YouTube anschauen<\/a><\/p>\n<p>Erscheinungstermin: 9. Dezember 2011<\/p>\n<p>Spieldauer: 94 Minuten<\/p>\n","protected":false},"excerpt":{"rendered":"<p>Yin Yoga wirkt auf das tiefer liegende Bindegewebe, indem die einzelnen Asanas l\u00e4nger und mit entspannter Muskulatur (also ohne Kraft) gehalten werden. Er verbindet Erkenntnisse der Anatomie mit den Lehrern des Dao Yoga und der Meridiane.<\/p>\n","protected":false},"featured_media":12003,"comment_status":"open","ping_status":"closed","template":"","meta":[],"product_brand":[],"product_cat":[105],"product_tag":[],"class_list":{"0":"post-4322","1":"product","2":"type-product","3":"status-publish","4":"has-post-thumbnail","6":"product_cat-dvds-en","8":"first","9":"instock","10":"product-type-external"},"_links":{"self":[{"href":"https:\/\/yinyoga.de\/en\/wp-json\/wp\/v2\/product\/4322","targetHints":{"allow":["GET"]}}],"collection":[{"href":"https:\/\/yinyoga.de\/en\/wp-json\/wp\/v2\/product"}],"about":[{"href":"https:\/\/yinyoga.de\/en\/wp-json\/wp\/v2\/types\/product"}],"replies":[{"embeddable":true,"href":"https:\/\/yinyoga.de\/en\/wp-json\/wp\/v2\/comments?post=4322"}],"version-history":[{"count":0,"href":"https:\/\/yinyoga.de\/en\/wp-json\/wp\/v2\/product\/4322\/revisions"}],"wp:featuredmedia":[{"embeddable":true,"href":"https:\/\/yinyoga.de\/en\/wp-json\/wp\/v2\/media\/12003"}],"wp:attachment":[{"href":"https:\/\/yinyoga.de\/en\/wp-json\/wp\/v2\/media?parent=4322"}],"wp:term":[{"taxonomy":"product_brand","embeddable":true,"href":"https:\/\/yinyoga.de\/en\/wp-json\/wp\/v2\/product_brand?post=4322"},{"taxonomy":"product_cat","embeddable":true,"href":"https:\/\/yinyoga.de\/en\/wp-json\/wp\/v2\/product_cat?post=4322"},{"taxonomy":"product_tag","embeddable":true,"href":"https:\/\/yinyoga.de\/en\/wp-json\/wp\/v2\/product_tag?post=4322"}],"curies":[{"name":"wp","href":"https:\/\/api.w.org\/{rel}","templated":true}]}}