{"id":4323,"date":"2017-11-23T08:02:08","date_gmt":"2017-11-23T07:02:08","guid":{"rendered":"https:\/\/yinyoga.de\/produkt\/yin-yoga-entspannt-zu-ausgeglichenheit-und-gesundheit\/"},"modified":"2017-11-23T08:02:08","modified_gmt":"2017-11-23T07:02:08","slug":"yin-yoga-entspannt-zu-ausgeglichenheit-und-gesundheit","status":"publish","type":"product","link":"https:\/\/yinyoga.de\/en\/produkt\/yin-yoga-entspannt-zu-ausgeglichenheit-und-gesundheit\/","title":{"rendered":"Yin Yoga &#8211; Entspannt zu Ausgeglichenheit und Gesundheit"},"content":{"rendered":"<p>Yin Yoga &#8211; Entspannt zu Ausgeglichenheit und Gesundheit<\/p>\n<p>Nach der Bestseller-DVD &#8220;Yin Yoga &#8211; Der sanfte Weg zur inneren Mitte&#8221; folgt nun die n\u00e4chste Yin Yoga-DVD von Stefanie Arend. Die DVD beinhaltet eine Gesamt-Sequenz \u00fcber 137 Minuten sowie weitere Yin Yoga-Sequenzen zu den einzelnen Meridian-Paaren, einer \u00dcbungsabfolge an der Wand sowie einer Sequenz f\u00fcr Schwangere. Da die Gesamtsequenz auch Wand\u00fcbungen beinhaltet, sollten Sie f\u00fcr die Praxis etwas freie Wandfl\u00e4che, alternativ eine T\u00fcr oder einen Schrank zur Verf\u00fcgung haben. Erleben Sie diese tief entspannende, sanfte und passive Yin Yoga-Praxis, die den Fokus auf die individuelle Anatomie des einzelnen Menschen legt und vordergr\u00fcndig auf das fasziale Gewebe des K\u00f6rpers und den Energiefluss in den Meridianen wirkt.<\/p>\n<p>Trailer zur DVD: <a href=\"https:\/\/youtu.be\/svbMKO3R6CQ\" target=\"_blank\" rel=\"noopener\">hier auf YouTube anschauen<\/a><\/p>\n<p>Erscheinungstermin: 2015<\/p>\n<p>Spieldauer: 593 Minuten<\/p>\n","protected":false},"excerpt":{"rendered":"<p>Nach der Bestseller-DVD \u201eYin Yoga \u2013 Der sanfte Weg zur inneren Mitte\u201c folgt nun die n\u00e4chste Yin Yoga-DVD von Stefanie Arend. Die DVD beinhaltet eine Gesamt-Sequenz \u00fcber 137 Minuten sowie weitere Yin Yoga-Sequenzen zu den einzelnen Meridian-Paaren, einer \u00dcbungsabfolge an der Wand sowie einer Sequenz f\u00fcr Schwangere.<\/p>\n","protected":false},"featured_media":11999,"comment_status":"open","ping_status":"closed","template":"","meta":[],"product_brand":[],"product_cat":[105],"product_tag":[],"class_list":{"0":"post-4323","1":"product","2":"type-product","3":"status-publish","4":"has-post-thumbnail","6":"product_cat-dvds-en","8":"first","9":"instock","10":"product-type-external"},"_links":{"self":[{"href":"https:\/\/yinyoga.de\/en\/wp-json\/wp\/v2\/product\/4323","targetHints":{"allow":["GET"]}}],"collection":[{"href":"https:\/\/yinyoga.de\/en\/wp-json\/wp\/v2\/product"}],"about":[{"href":"https:\/\/yinyoga.de\/en\/wp-json\/wp\/v2\/types\/product"}],"replies":[{"embeddable":true,"href":"https:\/\/yinyoga.de\/en\/wp-json\/wp\/v2\/comments?post=4323"}],"version-history":[{"count":0,"href":"https:\/\/yinyoga.de\/en\/wp-json\/wp\/v2\/product\/4323\/revisions"}],"wp:featuredmedia":[{"embeddable":true,"href":"https:\/\/yinyoga.de\/en\/wp-json\/wp\/v2\/media\/11999"}],"wp:attachment":[{"href":"https:\/\/yinyoga.de\/en\/wp-json\/wp\/v2\/media?parent=4323"}],"wp:term":[{"taxonomy":"product_brand","embeddable":true,"href":"https:\/\/yinyoga.de\/en\/wp-json\/wp\/v2\/product_brand?post=4323"},{"taxonomy":"product_cat","embeddable":true,"href":"https:\/\/yinyoga.de\/en\/wp-json\/wp\/v2\/product_cat?post=4323"},{"taxonomy":"product_tag","embeddable":true,"href":"https:\/\/yinyoga.de\/en\/wp-json\/wp\/v2\/product_tag?post=4323"}],"curies":[{"name":"wp","href":"https:\/\/api.w.org\/{rel}","templated":true}]}}