{"id":13718,"date":"2024-10-29T08:59:59","date_gmt":"2024-10-29T07:59:59","guid":{"rendered":"https:\/\/yinyoga.de\/coaching-de-yin-yoga\/"},"modified":"2025-07-25T14:23:36","modified_gmt":"2025-07-25T12:23:36","slug":"coaching-de-yin-yoga","status":"publish","type":"page","link":"https:\/\/yinyoga.de\/es\/coaching-de-yin-yoga\/","title":{"rendered":"coaching de yin yoga"},"content":{"rendered":"\t\t<div data-elementor-type=\"wp-page\" data-elementor-id=\"13718\" class=\"elementor elementor-13718 elementor-11950\" data-elementor-post-type=\"page\">\n\t\t\t\t<div class=\"elementor-element elementor-element-908aec9 e-flex e-con-boxed e-con e-parent\" data-id=\"908aec9\" data-element_type=\"container\" data-e-type=\"container\">\n\t\t\t\t\t<div class=\"e-con-inner\">\n\t\t<div class=\"elementor-element elementor-element-5e23a42 e-con-full e-flex e-con e-child\" data-id=\"5e23a42\" data-element_type=\"container\" data-e-type=\"container\" data-settings=\"{&quot;background_background&quot;:&quot;gradient&quot;}\">\n\t\t\t\t<div class=\"elementor-element elementor-element-6125d35 elementor-widget elementor-widget-heading\" data-id=\"6125d35\" data-element_type=\"widget\" data-e-type=\"widget\" data-widget_type=\"heading.default\">\n\t\t\t\t<div class=\"elementor-widget-container\">\n\t\t\t\t\t<h1 class=\"elementor-heading-title elementor-size-default\">Mis sesiones de coaching<\/h1>\t\t\t\t<\/div>\n\t\t\t\t<\/div>\n\t\t\t\t<div class=\"elementor-element elementor-element-81ba717 elementor-widget elementor-widget-text-editor\" data-id=\"81ba717\" data-element_type=\"widget\" data-e-type=\"widget\" data-widget_type=\"text-editor.default\">\n\t\t\t\t<div class=\"elementor-widget-container\">\n\t\t\t\t\t\t\t\t\t<p>Tras varios a\u00f1os de formaci\u00f3n en diversas \u00e1reas del coaching, el asesoramiento en nutrici\u00f3n y salud y el trabajo energ\u00e9tico, me complace acompa\u00f1arte hol\u00edsticamente en tus problemas actuales con sesiones individuales online altamente transformadoras. Como hay una gran cantidad de herramientas maravillosas, como la sanaci\u00f3n energ\u00e9tica, la lectura del libro del alma, la lectura del aura, la liberaci\u00f3n de bloqueos, la disoluci\u00f3n de creencias y muros del coraz\u00f3n y muchas otras posibilidades, tendremos una breve conversaci\u00f3n previa para ver qu\u00e9 necesitas para entrar en tu pleno poder y vivir tu potencial m\u00e1s elevado.&nbsp;<\/p>\t\t\t\t\t\t\t\t<\/div>\n\t\t\t\t<\/div>\n\t\t\t\t<div class=\"elementor-element elementor-element-e13b39d elementor-widget elementor-widget-button\" data-id=\"e13b39d\" data-element_type=\"widget\" data-e-type=\"widget\" data-widget_type=\"button.default\">\n\t\t\t\t<div class=\"elementor-widget-container\">\n\t\t\t\t\t\t\t\t\t<div class=\"elementor-button-wrapper\">\n\t\t\t\t\t<a class=\"elementor-button elementor-button-link elementor-size-sm\" href=\"#modulelist\">\n\t\t\t\t\t\t<span class=\"elementor-button-content-wrapper\">\n\t\t\t\t\t\t<span class=\"elementor-button-icon\">\n\t\t\t\t<svg xmlns=\"http:\/\/www.w3.org\/2000\/svg\" width=\"21\" height=\"20\" viewBox=\"0 0 21 20\" fill=\"none\"><path d=\"M17.0625 0H3.9375C1.76663 0 0 1.83545 0 4.09091V15.9091C0 18.1645 1.76663 20 3.9375 20H17.0625C19.2334 20 21 18.1645 21 15.9091V4.09091C21 1.83545 19.2334 0 17.0625 0ZM20.125 15.9091C20.125 17.6636 18.7512 19.0909 17.0625 19.0909H3.9375C2.24875 19.0909 0.875 17.6636 0.875 15.9091V4.09091C0.875 2.33636 2.24875 0.909091 3.9375 0.909091H17.0625C18.7512 0.909091 20.125 2.33636 20.125 4.09091V15.9091ZM17.5 5C17.5 5.25091 17.304 5.45455 17.0625 5.45455H8.3125C8.071 5.45455 7.875 5.25091 7.875 5C7.875 4.74909 8.071 4.54545 8.3125 4.54545H17.0625C17.304 4.54545 17.5 4.74909 17.5 5ZM5.25 5C5.25 5.50182 4.858 5.90909 4.375 5.90909C3.892 5.90909 3.5 5.50182 3.5 5C3.5 4.49818 3.892 4.09091 4.375 4.09091C4.858 4.09091 5.25 4.49818 5.25 5ZM17.5 10C17.5 10.2509 17.304 10.4545 17.0625 10.4545H8.3125C8.071 10.4545 7.875 10.2509 7.875 10C7.875 9.74909 8.071 9.54545 8.3125 9.54545H17.0625C17.304 9.54545 17.5 9.74909 17.5 10ZM5.25 10C5.25 10.5018 4.858 10.9091 4.375 10.9091C3.892 10.9091 3.5 10.5018 3.5 10C3.5 9.49818 3.892 9.09091 4.375 9.09091C4.858 9.09091 5.25 9.49818 5.25 10ZM17.5 15C17.5 15.2509 17.304 15.4545 17.0625 15.4545H8.3125C8.071 15.4545 7.875 15.2509 7.875 15C7.875 14.7491 8.071 14.5455 8.3125 14.5455H17.0625C17.304 14.5455 17.5 14.7491 17.5 15ZM5.25 15C5.25 15.5018 4.858 15.9091 4.375 15.9091C3.892 15.9091 3.5 15.5018 3.5 15C3.5 14.4982 3.892 14.0909 4.375 14.0909C4.858 14.0909 5.25 14.4982 5.25 15Z\" fill=\"#245286\"><\/path><\/svg>\t\t\t<\/span>\n\t\t\t\t\t\t\t\t\t<span class=\"elementor-button-text\">Visi\u00f3n general del coaching<\/span>\n\t\t\t\t\t<\/span>\n\t\t\t\t\t<\/a>\n\t\t\t\t<\/div>\n\t\t\t\t\t\t\t\t<\/div>\n\t\t\t\t<\/div>\n\t\t\t\t<\/div>\n\t\t<div class=\"elementor-element elementor-element-f7d12a2 e-con-full e-flex e-con e-child\" data-id=\"f7d12a2\" data-element_type=\"container\" data-e-type=\"container\" data-settings=\"{&quot;background_background&quot;:&quot;classic&quot;}\">\n\t\t\t\t<\/div>\n\t\t\t\t\t<\/div>\n\t\t\t\t<\/div>\n\t\t<div class=\"elementor-element elementor-element-57a1177 e-flex e-con-boxed e-con e-parent\" data-id=\"57a1177\" data-element_type=\"container\" data-e-type=\"container\">\n\t\t\t\t\t<div class=\"e-con-inner\">\n\t\t<div class=\"elementor-element elementor-element-2506278 e-con-full e-flex e-con e-child\" data-id=\"2506278\" data-element_type=\"container\" data-e-type=\"container\" data-settings=\"{&quot;background_background&quot;:&quot;classic&quot;}\">\n\t\t\t\t<div class=\"elementor-element elementor-element-7574477 elementor-widget elementor-widget-heading\" data-id=\"7574477\" data-element_type=\"widget\" data-e-type=\"widget\" data-widget_type=\"heading.default\">\n\t\t\t\t<div class=\"elementor-widget-container\">\n\t\t\t\t\t<h2 class=\"elementor-heading-title elementor-size-default\">El coaching hol\u00edstico<br>por Stefanie Arend<\/h2>\t\t\t\t<\/div>\n\t\t\t\t<\/div>\n\t\t\t\t<div class=\"elementor-element elementor-element-a683874 elementor-widget elementor-widget-heading\" data-id=\"a683874\" data-element_type=\"widget\" data-e-type=\"widget\" data-widget_type=\"heading.default\">\n\t\t\t\t<div class=\"elementor-widget-container\">\n\t\t\t\t\t<span class=\"elementor-heading-title elementor-size-default\">Para m\u00ed es un regalo abrir puertas a las personas para que puedan seguir el camino de su coraz\u00f3n.<\/span>\t\t\t\t<\/div>\n\t\t\t\t<\/div>\n\t\t\t\t<div class=\"elementor-element elementor-element-7c788c9 elementor-widget elementor-widget-jet-unfold\" data-id=\"7c788c9\" data-element_type=\"widget\" data-e-type=\"widget\" data-settings=\"{&quot;mask_height&quot;:{&quot;unit&quot;:&quot;px&quot;,&quot;size&quot;:250,&quot;sizes&quot;:[]},&quot;mask_height_tablet&quot;:{&quot;unit&quot;:&quot;px&quot;,&quot;size&quot;:&quot;&quot;,&quot;sizes&quot;:[]},&quot;mask_height_mobile&quot;:{&quot;unit&quot;:&quot;px&quot;,&quot;size&quot;:&quot;&quot;,&quot;sizes&quot;:[]},&quot;unfold_duration&quot;:{&quot;unit&quot;:&quot;ms&quot;,&quot;size&quot;:500,&quot;sizes&quot;:[]},&quot;unfold_easing&quot;:&quot;easeOutBack&quot;,&quot;fold_duration&quot;:{&quot;unit&quot;:&quot;ms&quot;,&quot;size&quot;:300,&quot;sizes&quot;:[]},&quot;fold_easing&quot;:&quot;easeOutSine&quot;}\" data-widget_type=\"jet-unfold.default\">\n\t\t\t\t<div class=\"elementor-widget-container\">\n\t\t\t\t\t\t\t<div class=\"jet-unfold \" data-settings=\"{&quot;height&quot;:{&quot;size&quot;:250,&quot;unit&quot;:&quot;px&quot;},&quot;separatorHeight&quot;:{&quot;unit&quot;:&quot;px&quot;,&quot;size&quot;:&quot;&quot;,&quot;sizes&quot;:[]},&quot;heightControlType&quot;:&quot;height&quot;,&quot;wordCount&quot;:20,&quot;unfoldDuration&quot;:{&quot;unit&quot;:&quot;ms&quot;,&quot;size&quot;:500,&quot;sizes&quot;:[]},&quot;foldDuration&quot;:{&quot;unit&quot;:&quot;ms&quot;,&quot;size&quot;:300,&quot;sizes&quot;:[]},&quot;unfoldEasing&quot;:&quot;easeOutBack&quot;,&quot;foldEasing&quot;:&quot;easeOutSine&quot;,&quot;foldScrolling&quot;:&quot;&quot;,&quot;hideOutsideClick&quot;:&quot;false&quot;,&quot;autoHide&quot;:&quot;false&quot;,&quot;autoHideTime&quot;:&quot;&quot;,&quot;foldScrollOffset&quot;:&quot;&quot;,&quot;separatorType&quot;:&quot;div&quot;}\">\r\n\t\t\t<div class=\"jet-unfold__inner\">\r\n\t\t\t\t<div class=\"jet-unfold__mask\" style=\"height:250px\">\r\n\t\t\t\t\t<div class=\"jet-unfold__content\">\r\n\t\t\t\t\t\t<div class=\"jet-unfold__content-inner elementor-text-editor elementor-clearfix\"><p>Yo misma he sido muy sensible desde la infancia y he deseado tantas veces respuestas que nadie pod\u00eda darme. Esto me hac\u00eda sentir a menudo que estaba en el lugar equivocado. Mi formaci\u00f3n me abri\u00f3 nuevos mundos y, de repente, todo empez\u00f3 a tener sentido para que pudiera ver mi camino con claridad y seguirlo. Me encantar\u00eda que depositaras tu confianza en m\u00ed y me permitieras acompa\u00f1arte en tu viaje. Te apoyar\u00e9 individualmente y dejar\u00e9 que mi clarividencia me gu\u00ede para desarrollar las herramientas que tengan m\u00e1s sentido en tu caso. Las sesiones de coaching pueden reservarse inmediatamente. Haz clic en la imagen correspondiente para obtener m\u00e1s informaci\u00f3n.<\/p><\/div>\r\n\t\t\t\t\t<\/div>\r\n\t\t\t\t\t\t\t\t\t\t<div class=\"jet-unfold__separator\"><\/div>\r\n\t\t\t\t\t\t\t\t\t<\/div>\r\n\t\t\t\t<div class=\"jet-unfold__trigger\"><div class=\"jet-unfold__button elementor-button elementor-size-md\" href=\"#\" data-unfold-text=\"Leer m\u00e1s\" data-fold-text=\"Leer menos\" data-fold-icon=\"&lt;i aria-hidden=&quot;true&quot; class=&quot;fas fa-chevron-up&quot;&gt;&lt;\/i&gt;\" data-unfold-icon=\"&lt;svg xmlns=&quot;http:\/\/www.w3.org\/2000\/svg&quot; width=&quot;23&quot; height=&quot;24&quot; viewBox=&quot;0 0 23 24&quot; fill=&quot;none&quot;&gt;&lt;circle cx=&quot;11.5&quot; cy=&quot;12&quot; r=&quot;11.5&quot; fill=&quot;#245286&quot;&gt;&lt;\/circle&gt;&lt;path d=&quot;M16.7048 11.2711H12.0663V6.6325C12.0663 6.50947 12.0174 6.39149 11.9304 6.3045C11.8434 6.21751 11.7254 6.16864 11.6024 6.16864C11.4794 6.16864 11.3614 6.21751 11.2744 6.3045C11.1874 6.39149 11.1386 6.50947 11.1386 6.6325V11.2711H6.49999C6.37697 11.2711 6.25898 11.3199 6.17199 11.4069C6.085 11.4939 6.03613 11.6119 6.03613 11.7349C6.03613 11.8579 6.085 11.9759 6.17199 12.0629C6.25898 12.1499 6.37697 12.1988 6.49999 12.1988H11.1386V16.8373C11.1386 16.9604 11.1874 17.0784 11.2744 17.1653C11.3614 17.2523 11.4794 17.3012 11.6024 17.3012C11.7254 17.3012 11.8434 17.2523 11.9304 17.1653C12.0174 17.0784 12.0663 16.9604 12.0663 16.8373V12.1988H16.7048C16.8279 12.1988 16.9458 12.1499 17.0328 12.0629C17.1198 11.9759 17.1687 11.8579 17.1687 11.7349C17.1687 11.6119 17.1198 11.4939 17.0328 11.4069C16.9458 11.3199 16.8279 11.2711 16.7048 11.2711Z&quot; fill=&quot;white&quot;&gt;&lt;\/path&gt;&lt;\/svg&gt;\" tabindex=\"0\" role=\"button\"><span class=\"jet-unfold__button-icon jet-tricks-icon\"><svg xmlns=\"http:\/\/www.w3.org\/2000\/svg\" width=\"23\" height=\"24\" viewBox=\"0 0 23 24\" fill=\"none\"><circle cx=\"11.5\" cy=\"12\" r=\"11.5\" fill=\"#245286\"><\/circle><path d=\"M16.7048 11.2711H12.0663V6.6325C12.0663 6.50947 12.0174 6.39149 11.9304 6.3045C11.8434 6.21751 11.7254 6.16864 11.6024 6.16864C11.4794 6.16864 11.3614 6.21751 11.2744 6.3045C11.1874 6.39149 11.1386 6.50947 11.1386 6.6325V11.2711H6.49999C6.37697 11.2711 6.25898 11.3199 6.17199 11.4069C6.085 11.4939 6.03613 11.6119 6.03613 11.7349C6.03613 11.8579 6.085 11.9759 6.17199 12.0629C6.25898 12.1499 6.37697 12.1988 6.49999 12.1988H11.1386V16.8373C11.1386 16.9604 11.1874 17.0784 11.2744 17.1653C11.3614 17.2523 11.4794 17.3012 11.6024 17.3012C11.7254 17.3012 11.8434 17.2523 11.9304 17.1653C12.0174 17.0784 12.0663 16.9604 12.0663 16.8373V12.1988H16.7048C16.8279 12.1988 16.9458 12.1499 17.0328 12.0629C17.1198 11.9759 17.1687 11.8579 17.1687 11.7349C17.1687 11.6119 17.1198 11.4939 17.0328 11.4069C16.9458 11.3199 16.8279 11.2711 16.7048 11.2711Z\" fill=\"white\"><\/path><\/svg><\/span><span class=\"jet-unfold__button-text\">Leer m\u00e1s<\/span><\/div>\t\t\t\t<\/div>\r\n\t\t\t<\/div>\r\n\t\t<\/div>\r\n\t\t\t\t\t\t<\/div>\n\t\t\t\t<\/div>\n\t\t\t\t<\/div>\n\t\t\t\t\t<\/div>\n\t\t\t\t<\/div>\n\t\t<div class=\"elementor-element elementor-element-d32640c e-flex e-con-boxed e-con e-parent\" data-id=\"d32640c\" data-element_type=\"container\" data-e-type=\"container\" id=\"modulelist\" data-settings=\"{&quot;background_background&quot;:&quot;classic&quot;}\">\n\t\t\t\t\t<div class=\"e-con-inner\">\n\t\t\t\t<div class=\"elementor-element elementor-element-2727086 elementor-widget elementor-widget-heading\" data-id=\"2727086\" data-element_type=\"widget\" data-e-type=\"widget\" data-widget_type=\"heading.default\">\n\t\t\t\t<div class=\"elementor-widget-container\">\n\t\t\t\t\t<h2 class=\"elementor-heading-title elementor-size-default\">Mis ofertas de coaching<\/h2>\t\t\t\t<\/div>\n\t\t\t\t<\/div>\n\t\t\t\t<div class=\"elementor-element elementor-element-996526b elementor-widget elementor-widget-jet-listing-grid\" data-id=\"996526b\" data-element_type=\"widget\" data-e-type=\"widget\" data-settings=\"{&quot;columns&quot;:3,&quot;columns_tablet&quot;:&quot;2&quot;,&quot;columns_mobile&quot;:&quot;1&quot;}\" data-widget_type=\"jet-listing-grid.default\">\n\t\t\t\t<div class=\"elementor-widget-container\">\n\t\t\t\t\t<div class=\"jet-listing-grid jet-listing\"><div class=\"jet-listing-not-found jet-listing-grid__items\" data-nav=\"{&quot;enabled&quot;:false,&quot;type&quot;:null,&quot;more_el&quot;:null,&quot;query&quot;:[],&quot;widget_settings&quot;:{&quot;lisitng_id&quot;:12527,&quot;posts_num&quot;:6,&quot;columns&quot;:3,&quot;columns_tablet&quot;:2,&quot;columns_mobile&quot;:1,&quot;column_min_width&quot;:240,&quot;column_min_width_tablet&quot;:240,&quot;column_min_width_mobile&quot;:240,&quot;inline_columns_css&quot;:false,&quot;is_archive_template&quot;:&quot;&quot;,&quot;post_status&quot;:[&quot;publish&quot;],&quot;use_random_posts_num&quot;:&quot;&quot;,&quot;max_posts_num&quot;:9,&quot;not_found_message&quot;:&quot;No se han encontrado datos&quot;,&quot;is_masonry&quot;:false,&quot;equal_columns_height&quot;:&quot;&quot;,&quot;use_load_more&quot;:&quot;&quot;,&quot;load_more_id&quot;:&quot;&quot;,&quot;load_more_type&quot;:&quot;click&quot;,&quot;load_more_offset&quot;:{&quot;unit&quot;:&quot;px&quot;,&quot;size&quot;:0,&quot;sizes&quot;:[]},&quot;use_custom_post_types&quot;:&quot;&quot;,&quot;custom_post_types&quot;:[],&quot;hide_widget_if&quot;:&quot;&quot;,&quot;carousel_enabled&quot;:&quot;&quot;,&quot;slides_to_scroll&quot;:&quot;1&quot;,&quot;arrows&quot;:&quot;true&quot;,&quot;arrow_icon&quot;:&quot;fa fa-angle-left&quot;,&quot;dots&quot;:&quot;&quot;,&quot;autoplay&quot;:&quot;true&quot;,&quot;pause_on_hover&quot;:&quot;true&quot;,&quot;autoplay_speed&quot;:5000,&quot;infinite&quot;:&quot;true&quot;,&quot;center_mode&quot;:&quot;&quot;,&quot;effect&quot;:&quot;slide&quot;,&quot;speed&quot;:500,&quot;inject_alternative_items&quot;:&quot;&quot;,&quot;injection_items&quot;:[],&quot;scroll_slider_enabled&quot;:&quot;&quot;,&quot;scroll_slider_on&quot;:[&quot;desktop&quot;,&quot;tablet&quot;,&quot;mobile&quot;],&quot;custom_query&quot;:&quot;yes&quot;,&quot;custom_query_id&quot;:&quot;21&quot;,&quot;_element_id&quot;:&quot;&quot;,&quot;collapse_first_last_gap&quot;:false,&quot;list_tag_selection&quot;:&quot;&quot;,&quot;list_items_wrapper_tag&quot;:&quot;div&quot;,&quot;list_item_tag&quot;:&quot;div&quot;,&quot;empty_items_wrapper_tag&quot;:&quot;div&quot;}}\" data-listing-source=\"query\" data-listing-id=\"12527\" data-query-id=\"21\" data-queried-id=\"13718|WP_Post\">No se han encontrado datos<\/div><\/div>\t\t\t\t<\/div>\n\t\t\t\t<\/div>\n\t\t\t\t\t<\/div>\n\t\t\t\t<\/div>\n\t\t\t\t<\/div>\n\t\t","protected":false},"excerpt":{"rendered":"<p>Mis sesiones de coaching Tras varios a\u00f1os de formaci\u00f3n en diversas \u00e1reas del coaching, el asesoramiento en nutrici\u00f3n y salud y el trabajo energ\u00e9tico, me complace acompa\u00f1arte hol\u00edsticamente en tus problemas actuales con sesiones individuales online altamente transformadoras. Como hay una gran cantidad de herramientas maravillosas, como la sanaci\u00f3n energ\u00e9tica, la lectura del libro del [&hellip;]<\/p>\n","protected":false},"author":1,"featured_media":0,"parent":0,"menu_order":0,"comment_status":"closed","ping_status":"closed","template":"","meta":{"footnotes":""},"class_list":["post-13718","page","type-page","status-publish","hentry"],"_links":{"self":[{"href":"https:\/\/yinyoga.de\/es\/wp-json\/wp\/v2\/pages\/13718","targetHints":{"allow":["GET"]}}],"collection":[{"href":"https:\/\/yinyoga.de\/es\/wp-json\/wp\/v2\/pages"}],"about":[{"href":"https:\/\/yinyoga.de\/es\/wp-json\/wp\/v2\/types\/page"}],"author":[{"embeddable":true,"href":"https:\/\/yinyoga.de\/es\/wp-json\/wp\/v2\/users\/1"}],"replies":[{"embeddable":true,"href":"https:\/\/yinyoga.de\/es\/wp-json\/wp\/v2\/comments?post=13718"}],"version-history":[{"count":1,"href":"https:\/\/yinyoga.de\/es\/wp-json\/wp\/v2\/pages\/13718\/revisions"}],"predecessor-version":[{"id":13719,"href":"https:\/\/yinyoga.de\/es\/wp-json\/wp\/v2\/pages\/13718\/revisions\/13719"}],"wp:attachment":[{"href":"https:\/\/yinyoga.de\/es\/wp-json\/wp\/v2\/media?parent=13718"}],"curies":[{"name":"wp","href":"https:\/\/api.w.org\/{rel}","templated":true}]}}