{"id":13732,"date":"2022-12-01T13:24:47","date_gmt":"2022-12-01T12:24:47","guid":{"rendered":"https:\/\/yinyoga.de\/sobre-mi\/"},"modified":"2025-08-08T13:56:06","modified_gmt":"2025-08-08T11:56:06","slug":"sobre-mi","status":"publish","type":"page","link":"https:\/\/yinyoga.de\/es\/sobre-mi\/","title":{"rendered":"sobre m\u00ed"},"content":{"rendered":"\t\t<div data-elementor-type=\"wp-page\" data-elementor-id=\"13732\" class=\"elementor elementor-13732 elementor-300\" data-elementor-post-type=\"page\">\n\t\t\t\t<div class=\"elementor-element elementor-element-2cac01e e-flex e-con-boxed e-con e-parent\" data-id=\"2cac01e\" data-element_type=\"container\" data-e-type=\"container\" data-settings=\"{&quot;background_background&quot;:&quot;classic&quot;}\">\n\t\t\t\t\t<div class=\"e-con-inner\">\n\t\t<div class=\"elementor-element elementor-element-164ca05 e-con-full e-flex e-con e-child\" data-id=\"164ca05\" data-element_type=\"container\" data-e-type=\"container\" data-settings=\"{&quot;background_background&quot;:&quot;gradient&quot;}\">\n\t\t\t\t<div class=\"elementor-element elementor-element-80913b7 elementor-widget elementor-widget-heading\" data-id=\"80913b7\" data-element_type=\"widget\" data-e-type=\"widget\" data-widget_type=\"heading.default\">\n\t\t\t\t<div class=\"elementor-widget-container\">\n\t\t\t\t\t<h1 class=\"elementor-heading-title elementor-size-default\">Sobre m\u00ed<\/h1>\t\t\t\t<\/div>\n\t\t\t\t<\/div>\n\t\t\t\t<div class=\"elementor-element elementor-element-07b1892 elementor-widget elementor-widget-text-editor\" data-id=\"07b1892\" data-element_type=\"widget\" data-e-type=\"widget\" data-widget_type=\"text-editor.default\">\n\t\t\t\t<div class=\"elementor-widget-container\">\n\t\t\t\t\t\t\t\t\t<p>A trav\u00e9s del Yin Yoga encontr\u00e9 mi camino hacia el equilibrio hol\u00edstico y hoy apoyo a las personas en su camino espiritual y de salud como instructora y coach.<\/p>\t\t\t\t\t\t\t\t<\/div>\n\t\t\t\t<\/div>\n\t\t\t\t<div class=\"elementor-element elementor-element-fd44671 elementor-widget elementor-widget-button\" data-id=\"fd44671\" data-element_type=\"widget\" data-e-type=\"widget\" data-widget_type=\"button.default\">\n\t\t\t\t<div class=\"elementor-widget-container\">\n\t\t\t\t\t\t\t\t\t<div class=\"elementor-button-wrapper\">\n\t\t\t\t\t<a class=\"elementor-button elementor-button-link elementor-size-sm\" href=\"https:\/\/yinyoga.de\/kontakt\/\">\n\t\t\t\t\t\t<span class=\"elementor-button-content-wrapper\">\n\t\t\t\t\t\t<span class=\"elementor-button-icon\">\n\t\t\t\t<svg xmlns=\"http:\/\/www.w3.org\/2000\/svg\" width=\"13\" height=\"15\" viewBox=\"0 0 13 15\" fill=\"none\"><path d=\"M0.210872 7.3381C1.9773 7.04716 4.51999 6.47175 5.29624 4.655C5.83412 3.38781 6.15806 1.84907 6.26197 0.0193951C6.26197 0.0064645 6.26809 0 6.28642 0H6.36588C6.36588 0 6.37811 -2.17025e-06 6.38422 0.0129284C6.46979 0.762901 6.60426 1.59046 6.7754 2.48267C7.15436 4.44165 7.78392 5.83168 9.7276 6.50407C10.8339 6.88553 11.9158 7.22172 12.9793 7.52559C13.0099 7.53206 13.0038 7.58378 12.9793 7.58378C10.4366 7.83593 7.99784 8.35314 7.14825 11.0492C6.75706 12.3034 6.53702 13.6288 6.35977 14.9348C6.35366 15.0059 6.31698 15.0189 6.26809 14.9736C6.2253 14.9413 6.20696 14.896 6.20085 14.8378C6.09083 13.5448 5.86468 12.284 5.52239 11.0621C4.80726 8.50831 2.39905 7.93937 0.210872 7.49326C-0.0702906 7.43507 -0.0702906 7.38335 0.210872 7.3381Z\" fill=\"#245286\"><\/path><\/svg>\t\t\t<\/span>\n\t\t\t\t\t\t\t\t\t<span class=\"elementor-button-text\">ponte en contacto conmigo<\/span>\n\t\t\t\t\t<\/span>\n\t\t\t\t\t<\/a>\n\t\t\t\t<\/div>\n\t\t\t\t\t\t\t\t<\/div>\n\t\t\t\t<\/div>\n\t\t\t\t<\/div>\n\t\t\t\t\t<\/div>\n\t\t\t\t<\/div>\n\t\t<div class=\"elementor-element elementor-element-1583376 e-flex e-con-boxed e-con e-parent\" data-id=\"1583376\" data-element_type=\"container\" data-e-type=\"container\">\n\t\t\t\t\t<div class=\"e-con-inner\">\n\t\t<div class=\"elementor-element elementor-element-1e40710 e-con-full e-flex e-con e-child\" data-id=\"1e40710\" data-element_type=\"container\" data-e-type=\"container\">\n\t\t\t\t<div class=\"elementor-element elementor-element-7b6ba2a elementor-widget elementor-widget-text-editor\" data-id=\"7b6ba2a\" data-element_type=\"widget\" data-e-type=\"widget\" data-widget_type=\"text-editor.default\">\n\t\t\t\t<div class=\"elementor-widget-container\">\n\t\t\t\t\t\t\t\t\t<h2>Mi camino de yin yoga hacia un equilibrio saludable<\/h2><p>Gracias al Yin Yoga, por fin encontr\u00e9 mi equilibrio hol\u00edstico en la vida. Antes viv\u00eda una vida muy yang, caracterizada por la pr\u00e1ctica intensiva de artes marciales y mi marcado perfeccionismo<br>. No reconoc\u00eda mis l\u00edmites, hac\u00eda demasiado por los dem\u00e1s y, en alg\u00fan momento, ya no pude soportarlo. Tras varias operaciones y un agotamiento, el yoga se convirti\u00f3 en<br>mi forma de sanar mi cuerpo y mi mente y de disolver patrones de creencias aprendidos.   <\/p><p>Empec\u00e9 mi viaje con varias formaciones en estilos de yoga influidos por Yang, como Hatha, Ashtanga, Vinyasa y Kundalini yoga. Pero, de alg\u00fan modo, siempre faltaba un aspecto importante. Mi b\u00fasqueda, as\u00ed como un fuerte amor por la anatom\u00eda, me llevaron a la Formaci\u00f3n de Profesores de Yin Yoga de Paul y Suzee Grilley en 2010. Aqu\u00ed encontr\u00e9 por fin lo que hab\u00eda estado buscando durante tanto tiempo.   <\/p>\t\t\t\t\t\t\t\t<\/div>\n\t\t\t\t<\/div>\n\t\t\t\t<\/div>\n\t\t<div class=\"elementor-element elementor-element-fc183ac e-con-full e-flex e-con e-child\" data-id=\"fc183ac\" data-element_type=\"container\" data-e-type=\"container\">\n\t\t\t\t<div class=\"elementor-element elementor-element-e68bb3a elementor-widget elementor-widget-image\" data-id=\"e68bb3a\" data-element_type=\"widget\" data-e-type=\"widget\" data-widget_type=\"image.default\">\n\t\t\t\t<div class=\"elementor-widget-container\">\n\t\t\t\t\t\t\t\t\t\t\t\t<figure class=\"wp-caption\">\n\t\t\t\t\t\t\t\t\t\t<img fetchpriority=\"high\" decoding=\"async\" width=\"800\" height=\"365\" src=\"https:\/\/yinyoga.de\/wp-content\/uploads\/2022\/12\/Uebermich_Visual-01-1024x467.jpg\" class=\"attachment-large size-large wp-image-78\" alt=\"Stefanie Arend mit Suzee und Paul Grilley\" srcset=\"https:\/\/yinyoga.de\/wp-content\/uploads\/2022\/12\/Uebermich_Visual-01-1024x467.jpg 1024w, https:\/\/yinyoga.de\/wp-content\/uploads\/2022\/12\/Uebermich_Visual-01-600x273.jpg 600w, https:\/\/yinyoga.de\/wp-content\/uploads\/2022\/12\/Uebermich_Visual-01-300x137.jpg 300w, https:\/\/yinyoga.de\/wp-content\/uploads\/2022\/12\/Uebermich_Visual-01-768x350.jpg 768w, https:\/\/yinyoga.de\/wp-content\/uploads\/2022\/12\/Uebermich_Visual-01-1536x700.jpg 1536w, https:\/\/yinyoga.de\/wp-content\/uploads\/2022\/12\/Uebermich_Visual-01.jpg 1571w\" sizes=\"(max-width: 800px) 100vw, 800px\" \/>\t\t\t\t\t\t\t\t\t\t\t<figcaption class=\"widget-image-caption wp-caption-text\">Stefanie Arend con Paul y Suzee Grilley en 2010<\/figcaption>\n\t\t\t\t\t\t\t\t\t\t<\/figure>\n\t\t\t\t\t\t\t\t\t<\/div>\n\t\t\t\t<\/div>\n\t\t\t\t<\/div>\n\t\t\t\t\t<\/div>\n\t\t\t\t<\/div>\n\t\t<div class=\"elementor-element elementor-element-d16a7a1 e-flex e-con-boxed e-con e-parent\" data-id=\"d16a7a1\" data-element_type=\"container\" data-e-type=\"container\" data-settings=\"{&quot;background_background&quot;:&quot;classic&quot;}\">\n\t\t\t\t\t<div class=\"e-con-inner\">\n\t\t<div class=\"elementor-element elementor-element-51f9129 e-con-full e-flex e-con e-child\" data-id=\"51f9129\" data-element_type=\"container\" data-e-type=\"container\">\n\t\t\t\t<div class=\"elementor-element elementor-element-702a5eb elementor-widget elementor-widget-image\" data-id=\"702a5eb\" data-element_type=\"widget\" data-e-type=\"widget\" data-widget_type=\"image.default\">\n\t\t\t\t<div class=\"elementor-widget-container\">\n\t\t\t\t\t\t\t\t\t\t\t\t<figure class=\"wp-caption\">\n\t\t\t\t\t\t\t\t\t\t<img decoding=\"async\" width=\"800\" height=\"437\" src=\"https:\/\/yinyoga.de\/wp-content\/uploads\/2024\/03\/mommyy-1024x559.jpeg\" class=\"attachment-large size-large wp-image-9278\" alt=\"\" srcset=\"https:\/\/yinyoga.de\/wp-content\/uploads\/2024\/03\/mommyy-1024x559.jpeg 1024w, https:\/\/yinyoga.de\/wp-content\/uploads\/2024\/03\/mommyy-300x164.jpeg 300w, https:\/\/yinyoga.de\/wp-content\/uploads\/2024\/03\/mommyy-768x419.jpeg 768w, https:\/\/yinyoga.de\/wp-content\/uploads\/2024\/03\/mommyy-1536x838.jpeg 1536w, https:\/\/yinyoga.de\/wp-content\/uploads\/2024\/03\/mommyy-2048x1118.jpeg 2048w, https:\/\/yinyoga.de\/wp-content\/uploads\/2024\/03\/mommyy-600x327.jpeg 600w\" sizes=\"(max-width: 800px) 100vw, 800px\" \/>\t\t\t\t\t\t\t\t\t\t\t<figcaption class=\"widget-image-caption wp-caption-text\">Stefanie Arend con Paul y Suzee Grilley en 2023<\/figcaption>\n\t\t\t\t\t\t\t\t\t\t<\/figure>\n\t\t\t\t\t\t\t\t\t<\/div>\n\t\t\t\t<\/div>\n\t\t\t\t<\/div>\n\t\t<div class=\"elementor-element elementor-element-8610473 e-con-full e-flex e-con e-child\" data-id=\"8610473\" data-element_type=\"container\" data-e-type=\"container\">\n\t\t\t\t<div class=\"elementor-element elementor-element-9dd6e59 elementor-widget elementor-widget-text-editor\" data-id=\"9dd6e59\" data-element_type=\"widget\" data-e-type=\"widget\" data-widget_type=\"text-editor.default\">\n\t\t\t\t<div class=\"elementor-widget-container\">\n\t\t\t\t\t\t\t\t\t<h2>El Yin Yoga me proporcion\u00f3 la paz tan esperada y una sensaci\u00f3n de llegada.<\/h2><p>Adem\u00e1s de mi propia pr\u00e1ctica de yoga y meditaci\u00f3n, tuve mi propio estudio de yoga en Alemania durante muchos a\u00f1os. Ahora vivo en Valencia, Espa\u00f1a, y no s\u00f3lo soy profesora e instructora de yin yoga, sino tambi\u00e9n autora, nutricionista, trabajadora energ\u00e9tica, consejera de salud hol\u00edstica y coach espiritual. Esto me permite trabajar de forma hol\u00edstica e integrar distintos enfoques en mis consultas.  <\/p><p>Mi gran sensibilidad y empat\u00eda me ayudan a responder a cada persona de forma muy personalizada. Mi enfoque aut\u00e9ntico y claramente estructurado siempre es especialmente apreciado. <\/p><p>En 2011, mi primer libro &#8220;Yin Yoga &#8211; The Gentle Path to Inner Centre&#8221; fue votado &#8220;Mejor Libro de Yoga del A\u00f1o&#8221; por &#8220;Yogaguide&#8221;. Esta respuesta positiva a mi primer libro me conmovi\u00f3 profundamente y me dio una se\u00f1al importante de que iba por el buen camino. Desde entonces he publicado muchos DVD y escrito seis libros, que se han traducido a siete idiomas.  <\/p>\t\t\t\t\t\t\t\t<\/div>\n\t\t\t\t<\/div>\n\t\t\t\t<\/div>\n\t\t\t\t\t<\/div>\n\t\t\t\t<\/div>\n\t\t<div class=\"elementor-element elementor-element-9912a4f e-flex e-con-boxed e-con e-parent\" data-id=\"9912a4f\" data-element_type=\"container\" data-e-type=\"container\">\n\t\t\t\t\t<div class=\"e-con-inner\">\n\t\t<div class=\"elementor-element elementor-element-8c80481 e-con-full e-flex e-con e-child\" data-id=\"8c80481\" data-element_type=\"container\" data-e-type=\"container\">\n\t\t\t\t<div class=\"elementor-element elementor-element-f53174d elementor-widget elementor-widget-text-editor\" data-id=\"f53174d\" data-element_type=\"widget\" data-e-type=\"widget\" data-widget_type=\"text-editor.default\">\n\t\t\t\t<div class=\"elementor-widget-container\">\n\t\t\t\t\t\t\t\t\t<h2>&#8220;Tu propio cuerpo es tu profesor de yoga m\u00e1s importante&#8221;<\/h2><p>Esta cita de mi primer libro de Yin Yoga describe la esencia de lo que el Yin Yoga significa para m\u00ed: Quiero ayudar a las personas a conocerse mejor, a comprender su propio lenguaje corporal y a encontrar el acceso a su yo interior. Al hacerlo, respeto la singularidad y las necesidades de cada individuo. <\/p><p>Gracias al Yin Yoga, volv\u00ed a encontrar mi centro y me gustar\u00eda transmitir esta experiencia en mis cursos de formaci\u00f3n. Ense\u00f1ar Yin Yoga es una misi\u00f3n para mi alma y sigue siendo el mayor regalo ver c\u00f3mo otras personas se desarrollan a trav\u00e9s de \u00e9l. <\/p><p>Mi intenci\u00f3n es ofrecerte un marco seguro tanto en mis cursos de formaci\u00f3n como en mis sesiones de coaching, para que puedas participar en la experiencia con total confianza.  <\/p>\t\t\t\t\t\t\t\t<\/div>\n\t\t\t\t<\/div>\n\t\t\t\t<\/div>\n\t\t<div class=\"elementor-element elementor-element-5768407 e-con-full e-flex e-con e-child\" data-id=\"5768407\" data-element_type=\"container\" data-e-type=\"container\">\n\t\t\t\t<div class=\"elementor-element elementor-element-dd81844 elementor-widget elementor-widget-image\" data-id=\"dd81844\" data-element_type=\"widget\" data-e-type=\"widget\" data-widget_type=\"image.default\">\n\t\t\t\t<div class=\"elementor-widget-container\">\n\t\t\t\t\t\t\t\t\t\t\t\t<figure class=\"wp-caption\">\n\t\t\t\t\t\t\t\t\t\t<img decoding=\"async\" width=\"800\" height=\"361\" src=\"https:\/\/yinyoga.de\/wp-content\/uploads\/2022\/12\/Uebermich_Visual-02-1024x462.jpg\" class=\"attachment-large size-large wp-image-79\" alt=\"\" srcset=\"https:\/\/yinyoga.de\/wp-content\/uploads\/2022\/12\/Uebermich_Visual-02-1024x462.jpg 1024w, https:\/\/yinyoga.de\/wp-content\/uploads\/2022\/12\/Uebermich_Visual-02-600x271.jpg 600w, https:\/\/yinyoga.de\/wp-content\/uploads\/2022\/12\/Uebermich_Visual-02-300x135.jpg 300w, https:\/\/yinyoga.de\/wp-content\/uploads\/2022\/12\/Uebermich_Visual-02-768x347.jpg 768w, https:\/\/yinyoga.de\/wp-content\/uploads\/2022\/12\/Uebermich_Visual-02-1536x693.jpg 1536w, https:\/\/yinyoga.de\/wp-content\/uploads\/2022\/12\/Uebermich_Visual-02.jpg 1586w\" sizes=\"(max-width: 800px) 100vw, 800px\" \/>\t\t\t\t\t\t\t\t\t\t\t<figcaption class=\"widget-image-caption wp-caption-text\">Stefanie Arend con el Prof. Dr. Robert Schleip, investigador de la fascia<\/figcaption>\n\t\t\t\t\t\t\t\t\t\t<\/figure>\n\t\t\t\t\t\t\t\t\t<\/div>\n\t\t\t\t<\/div>\n\t\t\t\t<\/div>\n\t\t\t\t\t<\/div>\n\t\t\t\t<\/div>\n\t\t<div class=\"elementor-element elementor-element-395d205 e-flex e-con-boxed e-con e-parent\" data-id=\"395d205\" data-element_type=\"container\" data-e-type=\"container\" data-settings=\"{&quot;background_background&quot;:&quot;classic&quot;}\">\n\t\t\t\t\t<div class=\"e-con-inner\">\n\t\t<div class=\"elementor-element elementor-element-9454ffe e-con-full e-flex e-con e-child\" data-id=\"9454ffe\" data-element_type=\"container\" data-e-type=\"container\">\n\t\t<div class=\"elementor-element elementor-element-bd053fd e-con-full e-flex e-con e-child\" data-id=\"bd053fd\" data-element_type=\"container\" data-e-type=\"container\" data-settings=\"{&quot;background_background&quot;:&quot;classic&quot;}\">\n\t\t\t\t<\/div>\n\t\t\t\t<\/div>\n\t\t<div class=\"elementor-element elementor-element-e3c99f0 e-con-full e-flex e-con e-child\" data-id=\"e3c99f0\" data-element_type=\"container\" data-e-type=\"container\">\n\t\t\t\t<div class=\"elementor-element elementor-element-9ec3871 elementor-widget elementor-widget-heading\" data-id=\"9ec3871\" data-element_type=\"widget\" data-e-type=\"widget\" data-widget_type=\"heading.default\">\n\t\t\t\t<div class=\"elementor-widget-container\">\n\t\t\t\t\t<h2 class=\"elementor-heading-title elementor-size-default\">\u00bfTe parece interesante?<\/h2>\t\t\t\t<\/div>\n\t\t\t\t<\/div>\n\t\t\t\t<div class=\"elementor-element elementor-element-03a2da0 elementor-widget elementor-widget-heading\" data-id=\"03a2da0\" data-element_type=\"widget\" data-e-type=\"widget\" data-widget_type=\"heading.default\">\n\t\t\t\t<div class=\"elementor-widget-container\">\n\t\t\t\t\t<span class=\"elementor-heading-title elementor-size-default\">Entonces, \u00a1descubre mi mundo!<\/span>\t\t\t\t<\/div>\n\t\t\t\t<\/div>\n\t\t<div class=\"elementor-element elementor-element-11258c0 e-con-full e-flex e-con e-child\" data-id=\"11258c0\" data-element_type=\"container\" data-e-type=\"container\">\n\t\t\t\t<div class=\"elementor-element elementor-element-b2af52c elementor-mobile-align-justify elementor-widget elementor-widget-button\" data-id=\"b2af52c\" data-element_type=\"widget\" data-e-type=\"widget\" data-widget_type=\"button.default\">\n\t\t\t\t<div class=\"elementor-widget-container\">\n\t\t\t\t\t\t\t\t\t<div class=\"elementor-button-wrapper\">\n\t\t\t\t\t<a class=\"elementor-button elementor-button-link elementor-size-sm\" href=\"https:\/\/yinyoga.de\/es\/cursos-de-yin-yoga\/\">\n\t\t\t\t\t\t<span class=\"elementor-button-content-wrapper\">\n\t\t\t\t\t\t<span class=\"elementor-button-icon\">\n\t\t\t\t<svg xmlns=\"http:\/\/www.w3.org\/2000\/svg\" width=\"13\" height=\"15\" viewBox=\"0 0 13 15\" fill=\"none\"><path d=\"M0.210872 7.3381C1.9773 7.04716 4.51999 6.47175 5.29624 4.655C5.83412 3.38781 6.15806 1.84907 6.26197 0.0193951C6.26197 0.0064645 6.26809 0 6.28642 0H6.36588C6.36588 0 6.37811 -2.17025e-06 6.38422 0.0129284C6.46979 0.762901 6.60426 1.59046 6.7754 2.48267C7.15436 4.44165 7.78392 5.83168 9.7276 6.50407C10.8339 6.88553 11.9158 7.22172 12.9793 7.52559C13.0099 7.53206 13.0038 7.58378 12.9793 7.58378C10.4366 7.83593 7.99784 8.35314 7.14825 11.0492C6.75706 12.3034 6.53702 13.6288 6.35977 14.9348C6.35366 15.0059 6.31698 15.0189 6.26809 14.9736C6.2253 14.9413 6.20696 14.896 6.20085 14.8378C6.09083 13.5448 5.86468 12.284 5.52239 11.0621C4.80726 8.50831 2.39905 7.93937 0.210872 7.49326C-0.0702906 7.43507 -0.0702906 7.38335 0.210872 7.3381Z\" fill=\"#245286\"><\/path><\/svg>\t\t\t<\/span>\n\t\t\t\t\t\t\t\t\t<span class=\"elementor-button-text\">Formaci\u00f3n en yin yoga<\/span>\n\t\t\t\t\t<\/span>\n\t\t\t\t\t<\/a>\n\t\t\t\t<\/div>\n\t\t\t\t\t\t\t\t<\/div>\n\t\t\t\t<\/div>\n\t\t\t\t<div class=\"elementor-element elementor-element-769a575 elementor-mobile-align-justify elementor-widget elementor-widget-button\" data-id=\"769a575\" data-element_type=\"widget\" data-e-type=\"widget\" data-widget_type=\"button.default\">\n\t\t\t\t<div class=\"elementor-widget-container\">\n\t\t\t\t\t\t\t\t\t<div class=\"elementor-button-wrapper\">\n\t\t\t\t\t<a class=\"elementor-button elementor-button-link elementor-size-sm\" href=\"https:\/\/yinyoga.de\/es\/libros\/\">\n\t\t\t\t\t\t<span class=\"elementor-button-content-wrapper\">\n\t\t\t\t\t\t<span class=\"elementor-button-icon\">\n\t\t\t\t<svg xmlns=\"http:\/\/www.w3.org\/2000\/svg\" width=\"13\" height=\"15\" viewBox=\"0 0 13 15\" fill=\"none\"><path d=\"M0.210872 7.3381C1.9773 7.04716 4.51999 6.47175 5.29624 4.655C5.83412 3.38781 6.15806 1.84907 6.26197 0.0193951C6.26197 0.0064645 6.26809 0 6.28642 0H6.36588C6.36588 0 6.37811 -2.17025e-06 6.38422 0.0129284C6.46979 0.762901 6.60426 1.59046 6.7754 2.48267C7.15436 4.44165 7.78392 5.83168 9.7276 6.50407C10.8339 6.88553 11.9158 7.22172 12.9793 7.52559C13.0099 7.53206 13.0038 7.58378 12.9793 7.58378C10.4366 7.83593 7.99784 8.35314 7.14825 11.0492C6.75706 12.3034 6.53702 13.6288 6.35977 14.9348C6.35366 15.0059 6.31698 15.0189 6.26809 14.9736C6.2253 14.9413 6.20696 14.896 6.20085 14.8378C6.09083 13.5448 5.86468 12.284 5.52239 11.0621C4.80726 8.50831 2.39905 7.93937 0.210872 7.49326C-0.0702906 7.43507 -0.0702906 7.38335 0.210872 7.3381Z\" fill=\"#245286\"><\/path><\/svg>\t\t\t<\/span>\n\t\t\t\t\t\t\t\t\t<span class=\"elementor-button-text\">Libros<\/span>\n\t\t\t\t\t<\/span>\n\t\t\t\t\t<\/a>\n\t\t\t\t<\/div>\n\t\t\t\t\t\t\t\t<\/div>\n\t\t\t\t<\/div>\n\t\t\t\t<div class=\"elementor-element elementor-element-8cb0151 elementor-mobile-align-justify elementor-widget elementor-widget-button\" data-id=\"8cb0151\" data-element_type=\"widget\" data-e-type=\"widget\" data-widget_type=\"button.default\">\n\t\t\t\t<div class=\"elementor-widget-container\">\n\t\t\t\t\t\t\t\t\t<div class=\"elementor-button-wrapper\">\n\t\t\t\t\t<a class=\"elementor-button elementor-button-link elementor-size-sm\" href=\"https:\/\/yinyoga.de\/dvd\/\">\n\t\t\t\t\t\t<span class=\"elementor-button-content-wrapper\">\n\t\t\t\t\t\t<span class=\"elementor-button-icon\">\n\t\t\t\t<svg xmlns=\"http:\/\/www.w3.org\/2000\/svg\" width=\"13\" height=\"15\" viewBox=\"0 0 13 15\" fill=\"none\"><path d=\"M0.210872 7.3381C1.9773 7.04716 4.51999 6.47175 5.29624 4.655C5.83412 3.38781 6.15806 1.84907 6.26197 0.0193951C6.26197 0.0064645 6.26809 0 6.28642 0H6.36588C6.36588 0 6.37811 -2.17025e-06 6.38422 0.0129284C6.46979 0.762901 6.60426 1.59046 6.7754 2.48267C7.15436 4.44165 7.78392 5.83168 9.7276 6.50407C10.8339 6.88553 11.9158 7.22172 12.9793 7.52559C13.0099 7.53206 13.0038 7.58378 12.9793 7.58378C10.4366 7.83593 7.99784 8.35314 7.14825 11.0492C6.75706 12.3034 6.53702 13.6288 6.35977 14.9348C6.35366 15.0059 6.31698 15.0189 6.26809 14.9736C6.2253 14.9413 6.20696 14.896 6.20085 14.8378C6.09083 13.5448 5.86468 12.284 5.52239 11.0621C4.80726 8.50831 2.39905 7.93937 0.210872 7.49326C-0.0702906 7.43507 -0.0702906 7.38335 0.210872 7.3381Z\" fill=\"#245286\"><\/path><\/svg>\t\t\t<\/span>\n\t\t\t\t\t\t\t\t\t<span class=\"elementor-button-text\">DVD<\/span>\n\t\t\t\t\t<\/span>\n\t\t\t\t\t<\/a>\n\t\t\t\t<\/div>\n\t\t\t\t\t\t\t\t<\/div>\n\t\t\t\t<\/div>\n\t\t\t\t<div class=\"elementor-element elementor-element-4a52d52 elementor-mobile-align-justify elementor-widget elementor-widget-button\" data-id=\"4a52d52\" data-element_type=\"widget\" data-e-type=\"widget\" data-widget_type=\"button.default\">\n\t\t\t\t<div class=\"elementor-widget-container\">\n\t\t\t\t\t\t\t\t\t<div class=\"elementor-button-wrapper\">\n\t\t\t\t\t<a class=\"elementor-button elementor-button-link elementor-size-sm\" href=\"https:\/\/yinyoga.de\/videos\/\">\n\t\t\t\t\t\t<span class=\"elementor-button-content-wrapper\">\n\t\t\t\t\t\t<span class=\"elementor-button-icon\">\n\t\t\t\t<svg xmlns=\"http:\/\/www.w3.org\/2000\/svg\" width=\"13\" height=\"15\" viewBox=\"0 0 13 15\" fill=\"none\"><path d=\"M0.210872 7.3381C1.9773 7.04716 4.51999 6.47175 5.29624 4.655C5.83412 3.38781 6.15806 1.84907 6.26197 0.0193951C6.26197 0.0064645 6.26809 0 6.28642 0H6.36588C6.36588 0 6.37811 -2.17025e-06 6.38422 0.0129284C6.46979 0.762901 6.60426 1.59046 6.7754 2.48267C7.15436 4.44165 7.78392 5.83168 9.7276 6.50407C10.8339 6.88553 11.9158 7.22172 12.9793 7.52559C13.0099 7.53206 13.0038 7.58378 12.9793 7.58378C10.4366 7.83593 7.99784 8.35314 7.14825 11.0492C6.75706 12.3034 6.53702 13.6288 6.35977 14.9348C6.35366 15.0059 6.31698 15.0189 6.26809 14.9736C6.2253 14.9413 6.20696 14.896 6.20085 14.8378C6.09083 13.5448 5.86468 12.284 5.52239 11.0621C4.80726 8.50831 2.39905 7.93937 0.210872 7.49326C-0.0702906 7.43507 -0.0702906 7.38335 0.210872 7.3381Z\" fill=\"#245286\"><\/path><\/svg>\t\t\t<\/span>\n\t\t\t\t\t\t\t\t\t<span class=\"elementor-button-text\">V\u00eddeos<\/span>\n\t\t\t\t\t<\/span>\n\t\t\t\t\t<\/a>\n\t\t\t\t<\/div>\n\t\t\t\t\t\t\t\t<\/div>\n\t\t\t\t<\/div>\n\t\t\t\t<div class=\"elementor-element elementor-element-cc2ffbe elementor-mobile-align-justify elementor-widget elementor-widget-button\" data-id=\"cc2ffbe\" data-element_type=\"widget\" data-e-type=\"widget\" data-widget_type=\"button.default\">\n\t\t\t\t<div class=\"elementor-widget-container\">\n\t\t\t\t\t\t\t\t\t<div class=\"elementor-button-wrapper\">\n\t\t\t\t\t<a class=\"elementor-button elementor-button-link elementor-size-sm\" href=\"https:\/\/yinyoga.de\/kontakt\/\">\n\t\t\t\t\t\t<span class=\"elementor-button-content-wrapper\">\n\t\t\t\t\t\t<span class=\"elementor-button-icon\">\n\t\t\t\t<svg xmlns=\"http:\/\/www.w3.org\/2000\/svg\" width=\"13\" height=\"15\" viewBox=\"0 0 13 15\" fill=\"none\"><path d=\"M0.210872 7.3381C1.9773 7.04716 4.51999 6.47175 5.29624 4.655C5.83412 3.38781 6.15806 1.84907 6.26197 0.0193951C6.26197 0.0064645 6.26809 0 6.28642 0H6.36588C6.36588 0 6.37811 -2.17025e-06 6.38422 0.0129284C6.46979 0.762901 6.60426 1.59046 6.7754 2.48267C7.15436 4.44165 7.78392 5.83168 9.7276 6.50407C10.8339 6.88553 11.9158 7.22172 12.9793 7.52559C13.0099 7.53206 13.0038 7.58378 12.9793 7.58378C10.4366 7.83593 7.99784 8.35314 7.14825 11.0492C6.75706 12.3034 6.53702 13.6288 6.35977 14.9348C6.35366 15.0059 6.31698 15.0189 6.26809 14.9736C6.2253 14.9413 6.20696 14.896 6.20085 14.8378C6.09083 13.5448 5.86468 12.284 5.52239 11.0621C4.80726 8.50831 2.39905 7.93937 0.210872 7.49326C-0.0702906 7.43507 -0.0702906 7.38335 0.210872 7.3381Z\" fill=\"#245286\"><\/path><\/svg>\t\t\t<\/span>\n\t\t\t\t\t\t\t\t\t<span class=\"elementor-button-text\">Contacta con nosotros<\/span>\n\t\t\t\t\t<\/span>\n\t\t\t\t\t<\/a>\n\t\t\t\t<\/div>\n\t\t\t\t\t\t\t\t<\/div>\n\t\t\t\t<\/div>\n\t\t\t\t<\/div>\n\t\t\t\t<\/div>\n\t\t\t\t\t<\/div>\n\t\t\t\t<\/div>\n\t\t\t\t<\/div>\n\t\t","protected":false},"excerpt":{"rendered":"<p>Sobre m\u00ed A trav\u00e9s del Yin Yoga encontr\u00e9 mi camino hacia el equilibrio hol\u00edstico y hoy apoyo a las personas en su camino espiritual y de salud como instructora y coach. ponte en contacto conmigo Mi camino de yin yoga hacia un equilibrio saludable Gracias al Yin Yoga, por fin encontr\u00e9 mi equilibrio hol\u00edstico en [&hellip;]<\/p>\n","protected":false},"author":1,"featured_media":0,"parent":0,"menu_order":0,"comment_status":"closed","ping_status":"closed","template":"","meta":{"footnotes":""},"class_list":["post-13732","page","type-page","status-publish","hentry"],"_links":{"self":[{"href":"https:\/\/yinyoga.de\/es\/wp-json\/wp\/v2\/pages\/13732","targetHints":{"allow":["GET"]}}],"collection":[{"href":"https:\/\/yinyoga.de\/es\/wp-json\/wp\/v2\/pages"}],"about":[{"href":"https:\/\/yinyoga.de\/es\/wp-json\/wp\/v2\/types\/page"}],"author":[{"embeddable":true,"href":"https:\/\/yinyoga.de\/es\/wp-json\/wp\/v2\/users\/1"}],"replies":[{"embeddable":true,"href":"https:\/\/yinyoga.de\/es\/wp-json\/wp\/v2\/comments?post=13732"}],"version-history":[{"count":3,"href":"https:\/\/yinyoga.de\/es\/wp-json\/wp\/v2\/pages\/13732\/revisions"}],"predecessor-version":[{"id":13852,"href":"https:\/\/yinyoga.de\/es\/wp-json\/wp\/v2\/pages\/13732\/revisions\/13852"}],"wp:attachment":[{"href":"https:\/\/yinyoga.de\/es\/wp-json\/wp\/v2\/media?parent=13732"}],"curies":[{"name":"wp","href":"https:\/\/api.w.org\/{rel}","templated":true}]}}