{"id":13853,"date":"2022-12-05T14:57:21","date_gmt":"2022-12-05T13:57:21","guid":{"rendered":"https:\/\/yinyoga.de\/ponte-en-contacto-con\/"},"modified":"2025-08-08T13:58:00","modified_gmt":"2025-08-08T11:58:00","slug":"ponte-en-contacto-con","status":"publish","type":"page","link":"https:\/\/yinyoga.de\/es\/ponte-en-contacto-con\/","title":{"rendered":"ponte en contacto con"},"content":{"rendered":"\t\t<div data-elementor-type=\"wp-page\" data-elementor-id=\"13853\" class=\"elementor elementor-13853 elementor-679\" data-elementor-post-type=\"page\">\n\t\t\t\t<div class=\"elementor-element elementor-element-07427a4 e-flex e-con-boxed e-con e-parent\" data-id=\"07427a4\" data-element_type=\"container\" data-e-type=\"container\">\n\t\t\t\t\t<div class=\"e-con-inner\">\n\t\t\t\t<div class=\"elementor-element elementor-element-3e9b5d2 elementor-view-default elementor-widget elementor-widget-icon\" data-id=\"3e9b5d2\" data-element_type=\"widget\" data-e-type=\"widget\" data-widget_type=\"icon.default\">\n\t\t\t\t<div class=\"elementor-widget-container\">\n\t\t\t\t\t\t\t<div class=\"elementor-icon-wrapper\">\n\t\t\t<div class=\"elementor-icon\">\n\t\t\t<svg xmlns=\"http:\/\/www.w3.org\/2000\/svg\" width=\"36\" height=\"40\" viewBox=\"0 0 36 40\" fill=\"none\"><path d=\"M0.583952 19.5683C5.47561 18.7924 12.5169 17.258 14.6665 12.4133C16.156 9.03415 17.0531 4.93085 17.3408 0.0517202C17.3408 0.0172387 17.3578 0 17.4086 0H17.6286C17.6286 0 17.6624 -5.78734e-06 17.6794 0.0344757C17.9163 2.0344 18.2887 4.24122 18.7626 6.62044C19.8121 11.8444 21.5555 15.5512 26.938 17.3442C30.0016 18.3614 32.9975 19.2579 35.9427 20.0682C36.0273 20.0855 36.0104 20.2234 35.9427 20.2234C28.9014 20.8958 22.1479 22.2751 19.7951 29.4644C18.7119 32.8092 18.1025 36.3435 17.6117 39.8261C17.5947 40.0158 17.4932 40.0503 17.3578 39.9296C17.2393 39.8434 17.1885 39.7227 17.1716 39.5675C16.8669 36.1194 16.2406 32.7574 15.2928 29.4989C13.3124 22.6888 6.64352 21.1716 0.583952 19.982C-0.194651 19.8269 -0.194651 19.6889 0.583952 19.5683Z\" fill=\"#E8B4D4\"><\/path><\/svg>\t\t\t<\/div>\n\t\t<\/div>\n\t\t\t\t\t\t<\/div>\n\t\t\t\t<\/div>\n\t\t\t\t<div class=\"elementor-element elementor-element-23950f8 elementor-widget elementor-widget-heading\" data-id=\"23950f8\" data-element_type=\"widget\" data-e-type=\"widget\" data-widget_type=\"heading.default\">\n\t\t\t\t<div class=\"elementor-widget-container\">\n\t\t\t\t\t<h1 class=\"elementor-heading-title elementor-size-default\">Contacta con nosotros<\/h1>\t\t\t\t<\/div>\n\t\t\t\t<\/div>\n\t\t\t\t<div class=\"elementor-element elementor-element-d1c5895 elementor-widget elementor-widget-text-editor\" data-id=\"d1c5895\" data-element_type=\"widget\" data-e-type=\"widget\" data-widget_type=\"text-editor.default\">\n\t\t\t\t<div class=\"elementor-widget-container\">\n\t\t\t\t\t\t\t\t\t<p>Si tienes alguna pregunta sobre los cursos de formaci\u00f3n de Yin Yoga y la tienda <br>, ponte en contacto con Anne: ausbildung.fragen@gmail.com.<br>Si tienes alguna pregunta para Stefanie: stefanie@yinyoga.de.<br><span style=\"background-color: var( --e-global-color-secondary ); color: var( --e-global-color-primary );\">Tel: +49 (0) 1736388437<br><\/span><span style=\"background-color: var( --e-global-color-secondary ); color: var( --e-global-color-primary );\">(disponible de lunes a viernes entre las 17:00 y las 18:00)<br><\/span><span style=\"background-color: var( --e-global-color-secondary ); color: var( --e-global-color-primary );\">Para una respuesta m\u00e1s r\u00e1pida, ponte en contacto con nosotros<br><\/span><span style=\"background-color: var( --e-global-color-secondary ); color: var( --e-global-color-primary );\">a trav\u00e9s de <\/span><strong style=\"background-color: var( --e-global-color-secondary ); color: var( --e-global-color-primary );\">el formulario<\/strong><span style=\"background-color: var( --e-global-color-secondary ); color: var( --e-global-color-primary );\">  en lugar de por tel\u00e9fono. Muchas gracias. <\/span><\/p>\t\t\t\t\t\t\t\t<\/div>\n\t\t\t\t<\/div>\n\t\t<div class=\"elementor-element elementor-element-64ea599 e-grid e-con-full e-con e-child\" data-id=\"64ea599\" data-element_type=\"container\" data-e-type=\"container\">\n\t\t\t\t<div class=\"elementor-element elementor-element-e301af1 elementor-widget elementor-widget-image\" data-id=\"e301af1\" data-element_type=\"widget\" data-e-type=\"widget\" data-widget_type=\"image.default\">\n\t\t\t\t<div class=\"elementor-widget-container\">\n\t\t\t\t\t\t\t\t\t\t\t\t<figure class=\"wp-caption\">\n\t\t\t\t\t\t\t\t\t\t<img decoding=\"async\" width=\"190\" height=\"190\" src=\"https:\/\/yinyoga.de\/wp-content\/uploads\/2024\/10\/anna_yin-yoga-kontakt.jpg\" class=\"attachment-large size-large wp-image-11105\" alt=\"\" srcset=\"https:\/\/yinyoga.de\/wp-content\/uploads\/2024\/10\/anna_yin-yoga-kontakt.jpg 190w, https:\/\/yinyoga.de\/wp-content\/uploads\/2024\/10\/anna_yin-yoga-kontakt-150x150.jpg 150w, https:\/\/yinyoga.de\/wp-content\/uploads\/2024\/10\/anna_yin-yoga-kontakt-100x100.jpg 100w\" sizes=\"(max-width: 190px) 100vw, 190px\" \/>\t\t\t\t\t\t\t\t\t\t\t<figcaption class=\"widget-image-caption wp-caption-text\">Das ist Anna, die euch beim Check-In begr\u00fc\u00dfen wird.<\/figcaption>\n\t\t\t\t\t\t\t\t\t\t<\/figure>\n\t\t\t\t\t\t\t\t\t<\/div>\n\t\t\t\t<\/div>\n\t\t\t\t<div class=\"elementor-element elementor-element-adea8cb elementor-widget elementor-widget-image\" data-id=\"adea8cb\" data-element_type=\"widget\" data-e-type=\"widget\" data-widget_type=\"image.default\">\n\t\t\t\t<div class=\"elementor-widget-container\">\n\t\t\t\t\t\t\t\t\t\t\t\t<figure class=\"wp-caption\">\n\t\t\t\t\t\t\t\t\t\t<img decoding=\"async\" width=\"190\" height=\"190\" src=\"https:\/\/yinyoga.de\/wp-content\/uploads\/2024\/10\/anne_yin-yoga-kontakt.jpg\" class=\"attachment-large size-large wp-image-11107\" alt=\"\" srcset=\"https:\/\/yinyoga.de\/wp-content\/uploads\/2024\/10\/anne_yin-yoga-kontakt.jpg 190w, https:\/\/yinyoga.de\/wp-content\/uploads\/2024\/10\/anne_yin-yoga-kontakt-150x150.jpg 150w, https:\/\/yinyoga.de\/wp-content\/uploads\/2024\/10\/anne_yin-yoga-kontakt-100x100.jpg 100w\" sizes=\"(max-width: 190px) 100vw, 190px\" \/>\t\t\t\t\t\t\t\t\t\t\t<figcaption class=\"widget-image-caption wp-caption-text\">Das ist Anne, die sich gerne um deine Anfragen per Mail k\u00fcmmert.<\/figcaption>\n\t\t\t\t\t\t\t\t\t\t<\/figure>\n\t\t\t\t\t\t\t\t\t<\/div>\n\t\t\t\t<\/div>\n\t\t\t\t<\/div>\n\t\t\t\t<div class=\"elementor-element elementor-element-c6502fb elementor-button-align-end elementor-widget elementor-widget-form\" data-id=\"c6502fb\" data-element_type=\"widget\" data-e-type=\"widget\" data-settings=\"{&quot;step_next_label&quot;:&quot;Siguiente&quot;,&quot;step_previous_label&quot;:&quot;Anterior&quot;,&quot;button_width&quot;:&quot;100&quot;,&quot;step_type&quot;:&quot;number_text&quot;,&quot;step_icon_shape&quot;:&quot;circle&quot;}\" data-widget_type=\"form.default\">\n\t\t\t\t<div class=\"elementor-widget-container\">\n\t\t\t\t\t\t\t<form class=\"elementor-form\" method=\"post\" name=\"Formulario de contacto\" aria-label=\"Formulario de contacto\">\n\t\t\t<input type=\"hidden\" name=\"post_id\" value=\"13853\"\/>\n\t\t\t<input type=\"hidden\" name=\"form_id\" value=\"c6502fb\"\/>\n\t\t\t<input type=\"hidden\" name=\"referer_title\" value=\"Ponte En Contacto Con - Yin Yoga\" \/>\n\n\t\t\t\t\t\t\t<input type=\"hidden\" name=\"queried_id\" value=\"13853\"\/>\n\t\t\t\n\t\t\t<div class=\"elementor-form-fields-wrapper elementor-labels-above\">\n\t\t\t\t\t\t\t\t<div class=\"elementor-field-type-text elementor-field-group elementor-column elementor-field-group-name elementor-col-100 elementor-field-required\">\n\t\t\t\t\t\t\t\t\t\t\t\t<label for=\"form-field-name\" class=\"elementor-field-label\">\n\t\t\t\t\t\t\t\tNombre\t\t\t\t\t\t\t<\/label>\n\t\t\t\t\t\t\t\t\t\t\t\t\t\t<input size=\"1\" type=\"text\" name=\"form_fields[name]\" id=\"form-field-name\" class=\"elementor-field elementor-size-sm  elementor-field-textual\" placeholder=\"Nombre\" required=\"required\">\n\t\t\t\t\t\t\t\t\t\t\t<\/div>\n\t\t\t\t\t\t\t\t<div class=\"elementor-field-type-email elementor-field-group elementor-column elementor-field-group-email elementor-col-100 elementor-field-required\">\n\t\t\t\t\t\t\t\t\t\t\t\t<label for=\"form-field-email\" class=\"elementor-field-label\">\n\t\t\t\t\t\t\t\tcorreo electr\u00f3nico\t\t\t\t\t\t\t<\/label>\n\t\t\t\t\t\t\t\t\t\t\t\t\t\t<input size=\"1\" type=\"email\" name=\"form_fields[email]\" id=\"form-field-email\" class=\"elementor-field elementor-size-sm  elementor-field-textual\" placeholder=\"correo electr\u00f3nico\" required=\"required\">\n\t\t\t\t\t\t\t\t\t\t\t<\/div>\n\t\t\t\t\t\t\t\t<div class=\"elementor-field-type-textarea elementor-field-group elementor-column elementor-field-group-message elementor-col-100 elementor-field-required\">\n\t\t\t\t\t\t\t\t\t\t\t\t<label for=\"form-field-message\" class=\"elementor-field-label\">\n\t\t\t\t\t\t\t\tMensaje\t\t\t\t\t\t\t<\/label>\n\t\t\t\t\t\t<textarea class=\"elementor-field-textual elementor-field  elementor-size-sm\" name=\"form_fields[message]\" id=\"form-field-message\" rows=\"4\" placeholder=\"Mensaje\" required=\"required\"><\/textarea>\t\t\t\t<\/div>\n\t\t\t\t\t\t\t\t<div class=\"elementor-field-type-acceptance elementor-field-group elementor-column elementor-field-group-field_38a6c6c elementor-col-100 elementor-field-required\">\n\t\t\t\t\t\t\t<div class=\"elementor-field-subgroup\">\n\t\t\t<span class=\"elementor-field-option\">\n\t\t\t\t<input type=\"checkbox\" name=\"form_fields[field_38a6c6c]\" id=\"form-field-field_38a6c6c\" class=\"elementor-field elementor-size-sm  elementor-acceptance-field\" required=\"required\">\n\t\t\t\t<label for=\"form-field-field_38a6c6c\">Acepto que mis datos personales facilitados anteriormente puedan ser utilizados para informarme sobre mi consulta.<\/label>\t\t\t<\/span>\n\t\t<\/div>\n\t\t\t\t\t\t<\/div>\n\t\t\t\t\t\t\t\t<div class=\"elementor-field-type-text\">\n\t\t\t\t\t<input size=\"1\" type=\"text\" name=\"form_fields[field_14f1454]\" id=\"form-field-field_14f1454\" class=\"elementor-field elementor-size-sm \" style=\"display:none !important;\">\t\t\t\t<\/div>\n\t\t\t\t\t\t\t\t<div class=\"elementor-field-group elementor-column elementor-field-type-submit elementor-col-100 e-form__buttons\">\n\t\t\t\t\t<button class=\"elementor-button elementor-size-sm\" type=\"submit\">\n\t\t\t\t\t\t<span class=\"elementor-button-content-wrapper\">\n\t\t\t\t\t\t\t\t\t\t\t\t\t\t\t<span class=\"elementor-button-icon\">\n\t\t\t\t\t\t\t\t\t<svg xmlns=\"http:\/\/www.w3.org\/2000\/svg\" width=\"13\" height=\"15\" viewBox=\"0 0 13 15\" fill=\"none\"><path d=\"M0.210872 7.3381C1.9773 7.04716 4.51999 6.47175 5.29624 4.655C5.83412 3.38781 6.15806 1.84907 6.26197 0.0193951C6.26197 0.0064645 6.26809 0 6.28642 0H6.36588C6.36588 0 6.37811 -2.17025e-06 6.38422 0.0129284C6.46979 0.762901 6.60426 1.59046 6.7754 2.48267C7.15436 4.44165 7.78392 5.83168 9.7276 6.50407C10.8339 6.88553 11.9158 7.22172 12.9793 7.52559C13.0099 7.53206 13.0038 7.58378 12.9793 7.58378C10.4366 7.83593 7.99784 8.35314 7.14825 11.0492C6.75706 12.3034 6.53702 13.6288 6.35977 14.9348C6.35366 15.0059 6.31698 15.0189 6.26809 14.9736C6.2253 14.9413 6.20696 14.896 6.20085 14.8378C6.09083 13.5448 5.86468 12.284 5.52239 11.0621C4.80726 8.50831 2.39905 7.93937 0.210872 7.49326C-0.0702906 7.43507 -0.0702906 7.38335 0.210872 7.3381Z\" fill=\"#245286\"><\/path><\/svg>\t\t\t\t\t\t\t\t\t\t\t\t\t\t\t\t\t<\/span>\n\t\t\t\t\t\t\t\t\t\t\t\t\t\t\t\t\t\t\t\t\t\t<span class=\"elementor-button-text\">enviar<\/span>\n\t\t\t\t\t\t\t\t\t\t\t\t\t<\/span>\n\t\t\t\t\t<\/button>\n\t\t\t\t<\/div>\n\t\t\t<\/div>\n\t\t<\/form>\n\t\t\t\t\t\t<\/div>\n\t\t\t\t<\/div>\n\t\t\t\t\t<\/div>\n\t\t\t\t<\/div>\n\t\t\t\t<\/div>\n\t\t","protected":false},"excerpt":{"rendered":"<p>Contacta con nosotros Si tienes alguna pregunta sobre los cursos de formaci\u00f3n de Yin Yoga y la tienda , ponte en contacto con Anne: ausbildung.fragen@gmail.com.Si tienes alguna pregunta para Stefanie: stefanie@yinyoga.de.Tel: +49 (0) 1736388437(disponible de lunes a viernes entre las 17:00 y las 18:00)Para una respuesta m\u00e1s r\u00e1pida, ponte en contacto con nosotrosa trav\u00e9s de [&hellip;]<\/p>\n","protected":false},"author":1,"featured_media":0,"parent":0,"menu_order":0,"comment_status":"closed","ping_status":"closed","template":"","meta":{"footnotes":""},"class_list":["post-13853","page","type-page","status-publish","hentry"],"_links":{"self":[{"href":"https:\/\/yinyoga.de\/es\/wp-json\/wp\/v2\/pages\/13853","targetHints":{"allow":["GET"]}}],"collection":[{"href":"https:\/\/yinyoga.de\/es\/wp-json\/wp\/v2\/pages"}],"about":[{"href":"https:\/\/yinyoga.de\/es\/wp-json\/wp\/v2\/types\/page"}],"author":[{"embeddable":true,"href":"https:\/\/yinyoga.de\/es\/wp-json\/wp\/v2\/users\/1"}],"replies":[{"embeddable":true,"href":"https:\/\/yinyoga.de\/es\/wp-json\/wp\/v2\/comments?post=13853"}],"version-history":[{"count":1,"href":"https:\/\/yinyoga.de\/es\/wp-json\/wp\/v2\/pages\/13853\/revisions"}],"predecessor-version":[{"id":13854,"href":"https:\/\/yinyoga.de\/es\/wp-json\/wp\/v2\/pages\/13853\/revisions\/13854"}],"wp:attachment":[{"href":"https:\/\/yinyoga.de\/es\/wp-json\/wp\/v2\/media?parent=13853"}],"curies":[{"name":"wp","href":"https:\/\/api.w.org\/{rel}","templated":true}]}}