{"id":13860,"date":"2025-01-06T09:48:34","date_gmt":"2025-01-06T08:48:34","guid":{"rendered":"https:\/\/yinyoga.de\/gracias-por-tu-coaching-de-aplicacion\/"},"modified":"2025-08-08T14:00:27","modified_gmt":"2025-08-08T12:00:27","slug":"gracias-por-tu-coaching-de-aplicacion","status":"publish","type":"page","link":"https:\/\/yinyoga.de\/es\/gracias-por-tu-coaching-de-aplicacion\/","title":{"rendered":"gracias-por-tu-coaching-de-aplicaci\u00f3n"},"content":{"rendered":"\t\t<div data-elementor-type=\"wp-page\" data-elementor-id=\"13860\" class=\"elementor elementor-13860 elementor-12673\" data-elementor-post-type=\"page\">\n\t\t\t\t<div class=\"elementor-element elementor-element-f72331b e-flex e-con-boxed e-con e-parent\" data-id=\"f72331b\" data-element_type=\"container\" data-e-type=\"container\">\n\t\t\t\t\t<div class=\"e-con-inner\">\n\t\t\t\t<div class=\"elementor-element elementor-element-0683ec3 elementor-view-default elementor-widget elementor-widget-icon\" data-id=\"0683ec3\" data-element_type=\"widget\" data-e-type=\"widget\" data-widget_type=\"icon.default\">\n\t\t\t\t<div class=\"elementor-widget-container\">\n\t\t\t\t\t\t\t<div class=\"elementor-icon-wrapper\">\n\t\t\t<div class=\"elementor-icon\">\n\t\t\t<svg xmlns=\"http:\/\/www.w3.org\/2000\/svg\" width=\"36\" height=\"40\" viewBox=\"0 0 36 40\" fill=\"none\"><path d=\"M0.583952 19.5683C5.47561 18.7924 12.5169 17.258 14.6665 12.4133C16.156 9.03415 17.0531 4.93085 17.3408 0.0517202C17.3408 0.0172387 17.3578 0 17.4086 0H17.6286C17.6286 0 17.6624 -5.78734e-06 17.6794 0.0344757C17.9163 2.0344 18.2887 4.24122 18.7626 6.62044C19.8121 11.8444 21.5555 15.5512 26.938 17.3442C30.0016 18.3614 32.9975 19.2579 35.9427 20.0682C36.0273 20.0855 36.0104 20.2234 35.9427 20.2234C28.9014 20.8958 22.1479 22.2751 19.7951 29.4644C18.7119 32.8092 18.1025 36.3435 17.6117 39.8261C17.5947 40.0158 17.4932 40.0503 17.3578 39.9296C17.2393 39.8434 17.1885 39.7227 17.1716 39.5675C16.8669 36.1194 16.2406 32.7574 15.2928 29.4989C13.3124 22.6888 6.64352 21.1716 0.583952 19.982C-0.194651 19.8269 -0.194651 19.6889 0.583952 19.5683Z\" fill=\"#E8B4D4\"><\/path><\/svg>\t\t\t<\/div>\n\t\t<\/div>\n\t\t\t\t\t\t<\/div>\n\t\t\t\t<\/div>\n\t\t\t\t<div class=\"elementor-element elementor-element-9284b2c elementor-widget elementor-widget-heading\" data-id=\"9284b2c\" data-element_type=\"widget\" data-e-type=\"widget\" data-widget_type=\"heading.default\">\n\t\t\t\t<div class=\"elementor-widget-container\">\n\t\t\t\t\t<h1 class=\"elementor-heading-title elementor-size-default\">Gracias por inscribirte<\/h1>\t\t\t\t<\/div>\n\t\t\t\t<\/div>\n\t\t\t\t<div class=\"elementor-element elementor-element-0d0a733 elementor-widget__width-initial elementor-widget elementor-widget-text-editor\" data-id=\"0d0a733\" data-element_type=\"widget\" data-e-type=\"widget\" data-widget_type=\"text-editor.default\">\n\t\t\t\t<div class=\"elementor-widget-container\">\n\t\t\t\t\t\t\t\t\t<p>Ahora tambi\u00e9n recibir\u00e1s mi informaci\u00f3n sobre coaching y trabajo energ\u00e9tico.<\/p>\t\t\t\t\t\t\t\t<\/div>\n\t\t\t\t<\/div>\n\t\t\t\t\t<\/div>\n\t\t\t\t<\/div>\n\t\t<div class=\"elementor-element elementor-element-9aa3f77 e-flex e-con-boxed e-con e-parent\" data-id=\"9aa3f77\" data-element_type=\"container\" data-e-type=\"container\">\n\t\t\t\t\t<div class=\"e-con-inner\">\n\t\t<div class=\"elementor-element elementor-element-68252ba e-flex e-con-boxed e-con e-child\" data-id=\"68252ba\" data-element_type=\"container\" data-e-type=\"container\">\n\t\t\t\t\t<div class=\"e-con-inner\">\n\t\t\t\t<div class=\"elementor-element elementor-element-05b5f14 elementor-widget elementor-widget-button\" data-id=\"05b5f14\" data-element_type=\"widget\" data-e-type=\"widget\" data-widget_type=\"button.default\">\n\t\t\t\t<div class=\"elementor-widget-container\">\n\t\t\t\t\t\t\t\t\t<div class=\"elementor-button-wrapper\">\n\t\t\t\t\t<a class=\"elementor-button elementor-button-link elementor-size-sm\" href=\"https:\/\/yinyoga.de\/es\/coaching-de-yin-yoga\/\">\n\t\t\t\t\t\t<span class=\"elementor-button-content-wrapper\">\n\t\t\t\t\t\t\t\t\t<span class=\"elementor-button-text\">Resumen de mis sesiones de coaching<\/span>\n\t\t\t\t\t<\/span>\n\t\t\t\t\t<\/a>\n\t\t\t\t<\/div>\n\t\t\t\t\t\t\t\t<\/div>\n\t\t\t\t<\/div>\n\t\t\t\t\t<\/div>\n\t\t\t\t<\/div>\n\t\t\t\t\t<\/div>\n\t\t\t\t<\/div>\n\t\t\t\t<\/div>\n\t\t","protected":false},"excerpt":{"rendered":"<p>Gracias por inscribirte Ahora tambi\u00e9n recibir\u00e1s mi informaci\u00f3n sobre coaching y trabajo energ\u00e9tico. Resumen de mis sesiones de coaching<\/p>\n","protected":false},"author":1,"featured_media":0,"parent":0,"menu_order":0,"comment_status":"closed","ping_status":"closed","template":"","meta":{"footnotes":""},"class_list":["post-13860","page","type-page","status-publish","hentry"],"_links":{"self":[{"href":"https:\/\/yinyoga.de\/es\/wp-json\/wp\/v2\/pages\/13860","targetHints":{"allow":["GET"]}}],"collection":[{"href":"https:\/\/yinyoga.de\/es\/wp-json\/wp\/v2\/pages"}],"about":[{"href":"https:\/\/yinyoga.de\/es\/wp-json\/wp\/v2\/types\/page"}],"author":[{"embeddable":true,"href":"https:\/\/yinyoga.de\/es\/wp-json\/wp\/v2\/users\/1"}],"replies":[{"embeddable":true,"href":"https:\/\/yinyoga.de\/es\/wp-json\/wp\/v2\/comments?post=13860"}],"version-history":[{"count":1,"href":"https:\/\/yinyoga.de\/es\/wp-json\/wp\/v2\/pages\/13860\/revisions"}],"predecessor-version":[{"id":13861,"href":"https:\/\/yinyoga.de\/es\/wp-json\/wp\/v2\/pages\/13860\/revisions\/13861"}],"wp:attachment":[{"href":"https:\/\/yinyoga.de\/es\/wp-json\/wp\/v2\/media?parent=13860"}],"curies":[{"name":"wp","href":"https:\/\/api.w.org\/{rel}","templated":true}]}}