{"id":13873,"date":"2022-12-07T15:02:37","date_gmt":"2022-12-07T14:02:37","guid":{"rendered":"https:\/\/yinyoga.de\/pie-de-imprenta\/"},"modified":"2026-04-01T12:34:16","modified_gmt":"2026-04-01T10:34:16","slug":"pie-de-imprenta","status":"publish","type":"page","link":"https:\/\/yinyoga.de\/es\/pie-de-imprenta\/","title":{"rendered":"Pie de imprenta"},"content":{"rendered":"\t\t<div data-elementor-type=\"wp-page\" data-elementor-id=\"13873\" class=\"elementor elementor-13873 elementor-975\" data-elementor-post-type=\"page\">\n\t\t\t\t<div class=\"elementor-element elementor-element-c66ad94 e-flex e-con-boxed e-con e-parent\" data-id=\"c66ad94\" data-element_type=\"container\" data-e-type=\"container\">\n\t\t\t\t\t<div class=\"e-con-inner\">\n\t\t\t\t<div class=\"elementor-element elementor-element-9661b1f elementor-widget elementor-widget-text-editor\" data-id=\"9661b1f\" data-element_type=\"widget\" data-e-type=\"widget\" data-widget_type=\"text-editor.default\">\n\t\t\t\t<div class=\"elementor-widget-container\">\n\t\t\t\t\t\t\t\t\t<p>Stefanie Arend Yin Yoga, S. L.<br>Calle Alcal\u00e1 Galiano 69, piso 1A<br>46520<span style=\"color: var( --e-global-color-primary ); background-color: var( --e-global-color-b5922e2 );\">Puerto de Sagunto<br><\/span><span style=\"color: var( --e-global-color-primary ); background-color: var( --e-global-color-b5922e2 );\">Espa\u00f1a<\/span><\/p>\n<p>Correo electr\u00f3nico: stefanie@yinyoga.de<br>Tel: +49 (0) 1736388437 <br>(Disponible por tel\u00e9fono de lunes a viernes entre las 17:00 y las 18:00)<\/p>\n<p><strong>Ponte en contacto con nosotros preferiblemente por correo electr\u00f3nico, \u00a1gracias!<\/strong><\/p>\n<p>N\u00famero de IVA (ES) B10639342<\/p>\n<p><b>Responsable del contenido:<\/b><\/p>\n<p>Stefanie Arend (direcci\u00f3n anterior)<\/p>\n<p><b>Fotos de<\/b>: Nela K\u00f6nig Photography<\/p>\n<p><b>Informaci\u00f3n sobre la resoluci\u00f3n de litigios en l\u00ednea:<\/b><br>La Comisi\u00f3n de la UE ofrece una plataforma para la resoluci\u00f3n de litigios en l\u00ednea en Internet en el siguiente enlace: http:\/\/ec.europa.eu\/consumers\/odr<\/p>\n<p><b>Responsabilidad por el contenido<\/b><br>El contenido de nuestro sitio web ha sido creado con el m\u00e1ximo cuidado. Sin embargo, no podemos aceptar ninguna responsabilidad por la exactitud, integridad y actualidad del contenido.<\/p>\n<p><b>Derechos de autor<\/b><br>Nos esforzamos por respetar en todo momento los derechos de autor de terceros y por hacer un uso exclusivo de las obras creadas por nosotros y de las obras libres de licencia.<br>El contenido y las obras creadas por nosotros, los operadores del sitio, en estas p\u00e1ginas est\u00e1n sujetos a la legislaci\u00f3n alemana sobre derechos de autor. Las contribuciones de terceros est\u00e1n etiquetadas como tales. Cualquier tipo de utilizaci\u00f3n fuera de los l\u00edmites de la ley de derechos de autor, en particular en forma de reproducci\u00f3n, edici\u00f3n o distribuci\u00f3n, requiere el consentimiento por escrito del respectivo autor o creador. Las descargas y copias de este sitio s\u00f3lo est\u00e1n permitidas para uso privado y no comercial. Tambi\u00e9n est\u00e1 permitido establecer un enlace al contenido de estas p\u00e1ginas en un sitio web de terceros, siempre que la autor\u00eda del autor siga siendo reconocible (los llamados &#8220;enlaces superficiales&#8221; o &#8220;enlaces profundos&#8221;).<\/p>\n<p><b>Protecci\u00f3n de datos<\/b><br>Por la presente prohibimos expresamente el uso de los datos de contacto publicados en el marco de nuestro deber de aviso legal por parte de terceros con el fin de enviar material publicitario e informativo no solicitado. Los operadores de estas p\u00e1ginas se reservan expresamente el derecho a emprender acciones legales en caso de env\u00edo no solicitado de informaci\u00f3n publicitaria, como correos electr\u00f3nicos basura.<\/p>\n<p>Puedes obtener m\u00e1s informaci\u00f3n sobre la protecci\u00f3n de datos en nuestra pol\u00edtica de privacidad.<\/p>\n<p><b>Objeci\u00f3n a los correos electr\u00f3nicos publicitarios<\/b><br>Por la presente nos oponemos al uso de los datos de contacto (publicados como parte de nuestro deber de proporcionar un aviso legal) con el fin de enviar publicidad e informaci\u00f3n no solicitadas. El operador del sitio se reserva el derecho de emprender acciones legales contra el env\u00edo no solicitado por correo postal o electr\u00f3nico de spam y otros materiales publicitarios similares.<\/p>\t\t\t\t\t\t\t\t<\/div>\n\t\t\t\t<\/div>\n\t\t\t\t\t<\/div>\n\t\t\t\t<\/div>\n\t\t\t\t<\/div>\n\t\t","protected":false},"excerpt":{"rendered":"<p>Stefanie Arend Yin Yoga, S. L.Calle Alcal\u00e1 Galiano 69, piso 1A46520Puerto de SaguntoEspa\u00f1a Correo electr\u00f3nico: stefanie@yinyoga.deTel: +49 (0) 1736388437 (Disponible por tel\u00e9fono de lunes a viernes entre las 17:00 y las 18:00) Ponte en contacto con nosotros preferiblemente por correo electr\u00f3nico, \u00a1gracias! N\u00famero de IVA (ES) B10639342 Responsable del contenido: Stefanie Arend (direcci\u00f3n anterior) Fotos [&hellip;]<\/p>\n","protected":false},"author":1,"featured_media":0,"parent":0,"menu_order":0,"comment_status":"closed","ping_status":"closed","template":"","meta":{"footnotes":""},"class_list":["post-13873","page","type-page","status-publish","hentry"],"_links":{"self":[{"href":"https:\/\/yinyoga.de\/es\/wp-json\/wp\/v2\/pages\/13873","targetHints":{"allow":["GET"]}}],"collection":[{"href":"https:\/\/yinyoga.de\/es\/wp-json\/wp\/v2\/pages"}],"about":[{"href":"https:\/\/yinyoga.de\/es\/wp-json\/wp\/v2\/types\/page"}],"author":[{"embeddable":true,"href":"https:\/\/yinyoga.de\/es\/wp-json\/wp\/v2\/users\/1"}],"replies":[{"embeddable":true,"href":"https:\/\/yinyoga.de\/es\/wp-json\/wp\/v2\/comments?post=13873"}],"version-history":[{"count":8,"href":"https:\/\/yinyoga.de\/es\/wp-json\/wp\/v2\/pages\/13873\/revisions"}],"predecessor-version":[{"id":14651,"href":"https:\/\/yinyoga.de\/es\/wp-json\/wp\/v2\/pages\/13873\/revisions\/14651"}],"wp:attachment":[{"href":"https:\/\/yinyoga.de\/es\/wp-json\/wp\/v2\/media?parent=13873"}],"curies":[{"name":"wp","href":"https:\/\/api.w.org\/{rel}","templated":true}]}}