{"id":14007,"date":"2022-12-07T15:02:37","date_gmt":"2022-12-07T14:02:37","guid":{"rendered":"https:\/\/yinyoga.de\/envio-y-entrega\/"},"modified":"2022-12-07T15:02:37","modified_gmt":"2022-12-07T14:02:37","slug":"envio-y-entrega","status":"publish","type":"page","link":"https:\/\/yinyoga.de\/es\/envio-y-entrega\/","title":{"rendered":"Env\u00edo y entrega"},"content":{"rendered":"<p><strong>Descargo de responsabilidad: La siguiente plantilla ha sido creada por un abogado<a href=\"https:\/\/drschwenke.de\" rel=\"nofollow noopener\" target=\"_blank\">(https:\/\/drschwenke.de)<\/a> de acuerdo con los requisitos t\u00edpicos de una tienda online. Sin embargo, s\u00f3lo debes utilizar la plantilla tras examinarla detenidamente y adaptarla a tu modelo de negocio espec\u00edfico. Por ello, la siguiente muestra contiene notas adicionales que debes observar y pasajes en rojo que debes comprobar en particular y adaptar si es necesario. Por favor, elimina las notas despu\u00e9s de editarlas. En caso de duda, solicita asesoramiento jur\u00eddico. Derechos de autor: Puedes utilizar el dise\u00f1o dentro del dominio\/sitio web siempre que se le aplique tu licencia Marketpress. No est\u00e1 permitido cederlo a terceros, incluidos los clientes (por ejemplo, como desarrolladores).      <\/strong><\/p>\n<p><strong>Ten en cuenta que los gastos de env\u00edo o al menos los m\u00e9todos de c\u00e1lculo (por ejemplo, por peso) deben especificarse para todos los pa\u00edses suministrados.<\/strong><\/p>\n<p><strong>Si s\u00f3lo realizas env\u00edos a determinados pa\u00edses, debes informar de ello a tus clientes. Adem\u00e1s, s\u00f3lo debes seleccionar estos pa\u00edses como &#8220;Pa\u00edses permitidos&#8221; en los ajustes de WooCommerce. No debes utilizar cl\u00e1usulas como &#8220;Gastos de env\u00edo a otros pa\u00edses s\u00f3lo bajo petici\u00f3n&#8221;.  <\/strong><\/p>\n<p><strong>Precios, gastos de env\u00edo e informaci\u00f3n sobre la entrega<\/strong><\/p>\n<p>Los precios indicados en las p\u00e1ginas de productos incluyen el IVA y otros componentes del precio.<\/p>\n<p>S\u00f3lo realizamos env\u00edos dentro de Alemania y Austria.<\/p>\n<p>Adem\u00e1s de los precios indicados, cobramos una tarifa plana de [6,90 euros por pedido] por el env\u00edo dentro de Alemania y Austria. Los gastos de env\u00edo se indican claramente en el sistema de la cesta de la compra y en la p\u00e1gina del pedido. <\/p>\n<p>Al pagar contra reembolso, el repartidor cobrar\u00e1 una tasa adicional de [2,- \u20ac] in situ. [No se cobrar\u00e1n m\u00e1s impuestos ni costes]. <\/p>\n<p>No hay gastos de env\u00edo para los contenidos digitales (libros electr\u00f3nicos, software, etc.).<\/p>\n<p><strong>[Nota para los minoristas: El siguiente pasaje es necesario si especificas una tarifa plana de env\u00edo. De lo contrario, puedes eliminar el pasaje]<\/strong><\/p>\n<p>La tarifa plana de env\u00edo es de [especifica el valor de la tarifa plana de env\u00edo] euros. La tarifa plana de env\u00edo incluye el IVA legal. Como el IVA de la tarifa plana de env\u00edo se calcula en funci\u00f3n de los bienes adquiridos, puede reducirse si los bienes se compran a tipos de IVA m\u00e1s bajos (por ejemplo, al comprar libros). Esto significa que los gastos de env\u00edo s\u00f3lo pueden concretarse durante el proceso de pedido. Sin embargo, no pueden aumentarse, sino s\u00f3lo reducirse a tu favor.    <\/p>\n","protected":false},"excerpt":{"rendered":"<p>Descargo de responsabilidad: La siguiente plantilla ha sido creada por un abogado(https:\/\/drschwenke.de) de acuerdo con los requisitos t\u00edpicos de una tienda online. Sin embargo, s\u00f3lo debes utilizar la plantilla tras examinarla detenidamente y adaptarla a tu modelo de negocio espec\u00edfico. Por ello, la siguiente muestra contiene notas adicionales que debes observar y pasajes en rojo [&hellip;]<\/p>\n","protected":false},"author":1,"featured_media":0,"parent":0,"menu_order":0,"comment_status":"closed","ping_status":"closed","template":"","meta":{"footnotes":""},"class_list":["post-14007","page","type-page","status-publish","hentry"],"_links":{"self":[{"href":"https:\/\/yinyoga.de\/es\/wp-json\/wp\/v2\/pages\/14007","targetHints":{"allow":["GET"]}}],"collection":[{"href":"https:\/\/yinyoga.de\/es\/wp-json\/wp\/v2\/pages"}],"about":[{"href":"https:\/\/yinyoga.de\/es\/wp-json\/wp\/v2\/types\/page"}],"author":[{"embeddable":true,"href":"https:\/\/yinyoga.de\/es\/wp-json\/wp\/v2\/users\/1"}],"replies":[{"embeddable":true,"href":"https:\/\/yinyoga.de\/es\/wp-json\/wp\/v2\/comments?post=14007"}],"version-history":[{"count":0,"href":"https:\/\/yinyoga.de\/es\/wp-json\/wp\/v2\/pages\/14007\/revisions"}],"wp:attachment":[{"href":"https:\/\/yinyoga.de\/es\/wp-json\/wp\/v2\/media?parent=14007"}],"curies":[{"name":"wp","href":"https:\/\/api.w.org\/{rel}","templated":true}]}}