{"id":14008,"date":"2022-12-05T14:56:58","date_gmt":"2022-12-05T13:56:58","guid":{"rendered":"https:\/\/yinyoga.de\/videos\/"},"modified":"2025-09-25T09:24:39","modified_gmt":"2025-09-25T07:24:39","slug":"videos","status":"publish","type":"page","link":"https:\/\/yinyoga.de\/es\/videos\/","title":{"rendered":"v\u00eddeos"},"content":{"rendered":"\t\t<div data-elementor-type=\"wp-page\" data-elementor-id=\"14008\" class=\"elementor elementor-14008 elementor-676\" data-elementor-post-type=\"page\">\n\t\t\t\t<div class=\"elementor-element elementor-element-576d856 e-flex e-con-boxed e-con e-parent\" data-id=\"576d856\" data-element_type=\"container\" data-e-type=\"container\">\n\t\t\t\t\t<div class=\"e-con-inner\">\n\t\t\t\t<div class=\"elementor-element elementor-element-41ca31d elementor-view-default elementor-widget elementor-widget-icon\" data-id=\"41ca31d\" data-element_type=\"widget\" data-e-type=\"widget\" data-widget_type=\"icon.default\">\n\t\t\t\t<div class=\"elementor-widget-container\">\n\t\t\t\t\t\t\t<div class=\"elementor-icon-wrapper\">\n\t\t\t<div class=\"elementor-icon\">\n\t\t\t<svg xmlns=\"http:\/\/www.w3.org\/2000\/svg\" width=\"36\" height=\"40\" viewBox=\"0 0 36 40\" fill=\"none\"><path d=\"M0.583952 19.5683C5.47561 18.7924 12.5169 17.258 14.6665 12.4133C16.156 9.03415 17.0531 4.93085 17.3408 0.0517202C17.3408 0.0172387 17.3578 0 17.4086 0H17.6286C17.6286 0 17.6624 -5.78734e-06 17.6794 0.0344757C17.9163 2.0344 18.2887 4.24122 18.7626 6.62044C19.8121 11.8444 21.5555 15.5512 26.938 17.3442C30.0016 18.3614 32.9975 19.2579 35.9427 20.0682C36.0273 20.0855 36.0104 20.2234 35.9427 20.2234C28.9014 20.8958 22.1479 22.2751 19.7951 29.4644C18.7119 32.8092 18.1025 36.3435 17.6117 39.8261C17.5947 40.0158 17.4932 40.0503 17.3578 39.9296C17.2393 39.8434 17.1885 39.7227 17.1716 39.5675C16.8669 36.1194 16.2406 32.7574 15.2928 29.4989C13.3124 22.6888 6.64352 21.1716 0.583952 19.982C-0.194651 19.8269 -0.194651 19.6889 0.583952 19.5683Z\" fill=\"#E8B4D4\"><\/path><\/svg>\t\t\t<\/div>\n\t\t<\/div>\n\t\t\t\t\t\t<\/div>\n\t\t\t\t<\/div>\n\t\t\t\t<div class=\"elementor-element elementor-element-95e8ad3 elementor-widget elementor-widget-heading\" data-id=\"95e8ad3\" data-element_type=\"widget\" data-e-type=\"widget\" data-widget_type=\"heading.default\">\n\t\t\t\t<div class=\"elementor-widget-container\">\n\t\t\t\t\t<h1 class=\"elementor-heading-title elementor-size-default\">V\u00eddeos<\/h1>\t\t\t\t<\/div>\n\t\t\t\t<\/div>\n\t\t<div class=\"elementor-element elementor-element-5177e12 e-flex e-con-boxed e-con e-child\" data-id=\"5177e12\" data-element_type=\"container\" data-e-type=\"container\">\n\t\t\t\t\t<div class=\"e-con-inner\">\n\t\t\t\t<div class=\"elementor-element elementor-element-2b7f564 elementor-widget elementor-widget-text-editor\" data-id=\"2b7f564\" data-element_type=\"widget\" data-e-type=\"widget\" data-widget_type=\"text-editor.default\">\n\t\t\t\t<div class=\"elementor-widget-container\">\n\t\t\t\t\t\t\t\t\t<p>Aqu\u00ed encontrar\u00e1s una peque\u00f1a selecci\u00f3n de mis v\u00eddeos sobre Yin Yoga, nutrici\u00f3n, etc. Puedes encontrar muchos m\u00e1s v\u00eddeos y secuencias de yin yoga en mi canal de YouTube<\/p>\t\t\t\t\t\t\t\t<\/div>\n\t\t\t\t<\/div>\n\t\t\t\t\t<\/div>\n\t\t\t\t<\/div>\n\t\t\t\t<div class=\"elementor-element elementor-element-c024d7f elementor-widget elementor-widget-jet-listing-grid\" data-id=\"c024d7f\" data-element_type=\"widget\" data-e-type=\"widget\" data-settings=\"{&quot;columns&quot;:3,&quot;columns_tablet&quot;:&quot;2&quot;,&quot;columns_mobile&quot;:&quot;1&quot;}\" data-widget_type=\"jet-listing-grid.default\">\n\t\t\t\t<div class=\"elementor-widget-container\">\n\t\t\t\t\t<div class=\"jet-listing-grid jet-listing\"><div class=\"jet-listing-not-found jet-listing-grid__items\" data-nav=\"{&quot;enabled&quot;:false,&quot;type&quot;:null,&quot;more_el&quot;:null,&quot;query&quot;:[],&quot;widget_settings&quot;:{&quot;lisitng_id&quot;:1555,&quot;posts_num&quot;:99,&quot;columns&quot;:3,&quot;columns_tablet&quot;:2,&quot;columns_mobile&quot;:1,&quot;column_min_width&quot;:240,&quot;column_min_width_tablet&quot;:240,&quot;column_min_width_mobile&quot;:240,&quot;inline_columns_css&quot;:false,&quot;is_archive_template&quot;:&quot;&quot;,&quot;post_status&quot;:[&quot;publish&quot;],&quot;use_random_posts_num&quot;:&quot;&quot;,&quot;max_posts_num&quot;:9,&quot;not_found_message&quot;:&quot;No se han encontrado datos&quot;,&quot;is_masonry&quot;:false,&quot;equal_columns_height&quot;:&quot;&quot;,&quot;use_load_more&quot;:&quot;&quot;,&quot;load_more_id&quot;:&quot;&quot;,&quot;load_more_type&quot;:&quot;click&quot;,&quot;load_more_offset&quot;:{&quot;unit&quot;:&quot;px&quot;,&quot;size&quot;:0,&quot;sizes&quot;:[]},&quot;use_custom_post_types&quot;:&quot;&quot;,&quot;custom_post_types&quot;:[],&quot;hide_widget_if&quot;:&quot;&quot;,&quot;carousel_enabled&quot;:&quot;&quot;,&quot;slides_to_scroll&quot;:&quot;1&quot;,&quot;arrows&quot;:&quot;true&quot;,&quot;arrow_icon&quot;:&quot;fa fa-angle-left&quot;,&quot;dots&quot;:&quot;&quot;,&quot;autoplay&quot;:&quot;true&quot;,&quot;pause_on_hover&quot;:&quot;true&quot;,&quot;autoplay_speed&quot;:5000,&quot;infinite&quot;:&quot;true&quot;,&quot;center_mode&quot;:&quot;&quot;,&quot;effect&quot;:&quot;slide&quot;,&quot;speed&quot;:500,&quot;inject_alternative_items&quot;:&quot;&quot;,&quot;injection_items&quot;:[],&quot;scroll_slider_enabled&quot;:&quot;&quot;,&quot;scroll_slider_on&quot;:[&quot;desktop&quot;,&quot;tablet&quot;,&quot;mobile&quot;],&quot;custom_query&quot;:&quot;yes&quot;,&quot;custom_query_id&quot;:&quot;10&quot;,&quot;_element_id&quot;:&quot;&quot;,&quot;collapse_first_last_gap&quot;:false,&quot;list_tag_selection&quot;:&quot;&quot;,&quot;list_items_wrapper_tag&quot;:&quot;div&quot;,&quot;list_item_tag&quot;:&quot;div&quot;,&quot;empty_items_wrapper_tag&quot;:&quot;div&quot;}}\" data-listing-source=\"query\" data-listing-id=\"1555\" data-query-id=\"10\" data-queried-id=\"14008|WP_Post\">No se han encontrado datos<\/div><\/div>\t\t\t\t<\/div>\n\t\t\t\t<\/div>\n\t\t<div class=\"elementor-element elementor-element-9df7856 e-con-full e-flex e-con e-child\" data-id=\"9df7856\" data-element_type=\"container\" data-e-type=\"container\">\n\t\t<a class=\"elementor-element elementor-element-5d08e3a e-con-full e-flex e-con e-child\" data-id=\"5d08e3a\" data-element_type=\"container\" data-e-type=\"container\" href=\"https:\/\/www.youtube.com\/@YinYoga_StefanieArend\" target=\"_blank\" rel=\"noopener\">\n\t\t\t\t<div class=\"elementor-element elementor-element-20cf1fb elementor-widget__width-auto elementor-widget elementor-widget-heading\" data-id=\"20cf1fb\" data-element_type=\"widget\" data-e-type=\"widget\" data-widget_type=\"heading.default\">\n\t\t\t\t<div class=\"elementor-widget-container\">\n\t\t\t\t\t<span class=\"elementor-heading-title elementor-size-default\">Puedes encontrar m\u00e1s v\u00eddeos gratuitos en mi<\/span>\t\t\t\t<\/div>\n\t\t\t\t<\/div>\n\t\t\t\t<div class=\"elementor-element elementor-element-df44cdf elementor-widget__width-initial elementor-widget elementor-widget-heading\" data-id=\"df44cdf\" data-element_type=\"widget\" data-e-type=\"widget\" data-widget_type=\"heading.default\">\n\t\t\t\t<div class=\"elementor-widget-container\">\n\t\t\t\t\t<span class=\"elementor-heading-title elementor-size-default\">Youtube<\/span>\t\t\t\t<\/div>\n\t\t\t\t<\/div>\n\t\t\t\t<div class=\"elementor-element elementor-element-7146149 elementor-widget__width-auto elementor-widget elementor-widget-heading\" data-id=\"7146149\" data-element_type=\"widget\" data-e-type=\"widget\" data-widget_type=\"heading.default\">\n\t\t\t\t<div class=\"elementor-widget-container\">\n\t\t\t\t\t<span class=\"elementor-heading-title elementor-size-default\">\u00a1Canal!<\/span>\t\t\t\t<\/div>\n\t\t\t\t<\/div>\n\t\t\t\t<\/a>\n\t\t\t\t<div class=\"elementor-element elementor-element-421e62ae elementor-mobile-align-justify elementor-widget elementor-widget-button\" data-id=\"421e62ae\" data-element_type=\"widget\" data-e-type=\"widget\" data-widget_type=\"button.default\">\n\t\t\t\t<div class=\"elementor-widget-container\">\n\t\t\t\t\t\t\t\t\t<div class=\"elementor-button-wrapper\">\n\t\t\t\t\t<a class=\"elementor-button elementor-button-link elementor-size-sm\" href=\"https:\/\/www.youtube.com\/@YinYoga_StefanieArend\" target=\"_blank\" rel=\"noopener\">\n\t\t\t\t\t\t<span class=\"elementor-button-content-wrapper\">\n\t\t\t\t\t\t<span class=\"elementor-button-icon\">\n\t\t\t\t<svg xmlns=\"http:\/\/www.w3.org\/2000\/svg\" width=\"13\" height=\"15\" viewBox=\"0 0 13 15\" fill=\"none\"><path d=\"M0.210872 7.3381C1.9773 7.04716 4.51999 6.47175 5.29624 4.655C5.83412 3.38781 6.15806 1.84907 6.26197 0.0193951C6.26197 0.0064645 6.26809 0 6.28642 0H6.36588C6.36588 0 6.37811 -2.17025e-06 6.38422 0.0129284C6.46979 0.762901 6.60426 1.59046 6.7754 2.48267C7.15436 4.44165 7.78392 5.83168 9.7276 6.50407C10.8339 6.88553 11.9158 7.22172 12.9793 7.52559C13.0099 7.53206 13.0038 7.58378 12.9793 7.58378C10.4366 7.83593 7.99784 8.35314 7.14825 11.0492C6.75706 12.3034 6.53702 13.6288 6.35977 14.9348C6.35366 15.0059 6.31698 15.0189 6.26809 14.9736C6.2253 14.9413 6.20696 14.896 6.20085 14.8378C6.09083 13.5448 5.86468 12.284 5.52239 11.0621C4.80726 8.50831 2.39905 7.93937 0.210872 7.49326C-0.0702906 7.43507 -0.0702906 7.38335 0.210872 7.3381Z\" fill=\"#245286\"><\/path><\/svg>\t\t\t<\/span>\n\t\t\t\t\t\t\t\t\t<span class=\"elementor-button-text\">Al canal de YouTube<\/span>\n\t\t\t\t\t<\/span>\n\t\t\t\t\t<\/a>\n\t\t\t\t<\/div>\n\t\t\t\t\t\t\t\t<\/div>\n\t\t\t\t<\/div>\n\t\t\t\t<\/div>\n\t\t\t\t\t<\/div>\n\t\t\t\t<\/div>\n\t\t<div class=\"elementor-element elementor-element-6a15d64 e-flex e-con-boxed e-con e-parent\" data-id=\"6a15d64\" data-element_type=\"container\" data-e-type=\"container\" data-settings=\"{&quot;background_background&quot;:&quot;classic&quot;}\">\n\t\t\t\t\t<div class=\"e-con-inner\">\n\t\t<div class=\"elementor-element elementor-element-52903987 e-con-full e-flex e-con e-child\" data-id=\"52903987\" data-element_type=\"container\" data-e-type=\"container\">\n\t\t<div class=\"elementor-element elementor-element-27c82de e-con-full e-flex e-con e-child\" data-id=\"27c82de\" data-element_type=\"container\" data-e-type=\"container\" data-settings=\"{&quot;background_background&quot;:&quot;classic&quot;}\">\n\t\t\t\t<\/div>\n\t\t\t\t<\/div>\n\t\t<div class=\"elementor-element elementor-element-668c4db1 e-con-full e-flex e-con e-child\" data-id=\"668c4db1\" data-element_type=\"container\" data-e-type=\"container\">\n\t\t\t\t<div class=\"elementor-element elementor-element-705ebb06 elementor-widget elementor-widget-heading\" data-id=\"705ebb06\" data-element_type=\"widget\" data-e-type=\"widget\" data-widget_type=\"heading.default\">\n\t\t\t\t<div class=\"elementor-widget-container\">\n\t\t\t\t\t<h2 class=\"elementor-heading-title elementor-size-default\">\u00bfTe parece interesante?<\/h2>\t\t\t\t<\/div>\n\t\t\t\t<\/div>\n\t\t\t\t<div class=\"elementor-element elementor-element-97ea4d9 elementor-widget elementor-widget-heading\" data-id=\"97ea4d9\" data-element_type=\"widget\" data-e-type=\"widget\" data-widget_type=\"heading.default\">\n\t\t\t\t<div class=\"elementor-widget-container\">\n\t\t\t\t\t<span class=\"elementor-heading-title elementor-size-default\">Entonces, \u00a1descubre mi mundo!<\/span>\t\t\t\t<\/div>\n\t\t\t\t<\/div>\n\t\t<div class=\"elementor-element elementor-element-6eb3cd32 e-con-full e-flex e-con e-child\" data-id=\"6eb3cd32\" data-element_type=\"container\" data-e-type=\"container\">\n\t\t\t\t<div class=\"elementor-element elementor-element-18aacec elementor-mobile-align-justify elementor-widget elementor-widget-button\" data-id=\"18aacec\" data-element_type=\"widget\" data-e-type=\"widget\" data-widget_type=\"button.default\">\n\t\t\t\t<div class=\"elementor-widget-container\">\n\t\t\t\t\t\t\t\t\t<div class=\"elementor-button-wrapper\">\n\t\t\t\t\t<a class=\"elementor-button elementor-button-link elementor-size-sm\" href=\"https:\/\/yinyoga.de\/es\/cursos-de-yin-yoga\/\">\n\t\t\t\t\t\t<span class=\"elementor-button-content-wrapper\">\n\t\t\t\t\t\t<span class=\"elementor-button-icon\">\n\t\t\t\t<svg xmlns=\"http:\/\/www.w3.org\/2000\/svg\" width=\"13\" height=\"15\" viewBox=\"0 0 13 15\" fill=\"none\"><path d=\"M0.210872 7.3381C1.9773 7.04716 4.51999 6.47175 5.29624 4.655C5.83412 3.38781 6.15806 1.84907 6.26197 0.0193951C6.26197 0.0064645 6.26809 0 6.28642 0H6.36588C6.36588 0 6.37811 -2.17025e-06 6.38422 0.0129284C6.46979 0.762901 6.60426 1.59046 6.7754 2.48267C7.15436 4.44165 7.78392 5.83168 9.7276 6.50407C10.8339 6.88553 11.9158 7.22172 12.9793 7.52559C13.0099 7.53206 13.0038 7.58378 12.9793 7.58378C10.4366 7.83593 7.99784 8.35314 7.14825 11.0492C6.75706 12.3034 6.53702 13.6288 6.35977 14.9348C6.35366 15.0059 6.31698 15.0189 6.26809 14.9736C6.2253 14.9413 6.20696 14.896 6.20085 14.8378C6.09083 13.5448 5.86468 12.284 5.52239 11.0621C4.80726 8.50831 2.39905 7.93937 0.210872 7.49326C-0.0702906 7.43507 -0.0702906 7.38335 0.210872 7.3381Z\" fill=\"#245286\"><\/path><\/svg>\t\t\t<\/span>\n\t\t\t\t\t\t\t\t\t<span class=\"elementor-button-text\">Formaci\u00f3n en yin yoga<\/span>\n\t\t\t\t\t<\/span>\n\t\t\t\t\t<\/a>\n\t\t\t\t<\/div>\n\t\t\t\t\t\t\t\t<\/div>\n\t\t\t\t<\/div>\n\t\t\t\t<div class=\"elementor-element elementor-element-3a4c2ce1 elementor-mobile-align-justify elementor-widget elementor-widget-button\" data-id=\"3a4c2ce1\" data-element_type=\"widget\" data-e-type=\"widget\" data-widget_type=\"button.default\">\n\t\t\t\t<div class=\"elementor-widget-container\">\n\t\t\t\t\t\t\t\t\t<div class=\"elementor-button-wrapper\">\n\t\t\t\t\t<a class=\"elementor-button elementor-button-link elementor-size-sm\" href=\"https:\/\/yinyoga.de\/es\/libros\/\">\n\t\t\t\t\t\t<span class=\"elementor-button-content-wrapper\">\n\t\t\t\t\t\t<span class=\"elementor-button-icon\">\n\t\t\t\t<svg xmlns=\"http:\/\/www.w3.org\/2000\/svg\" width=\"13\" height=\"15\" viewBox=\"0 0 13 15\" fill=\"none\"><path d=\"M0.210872 7.3381C1.9773 7.04716 4.51999 6.47175 5.29624 4.655C5.83412 3.38781 6.15806 1.84907 6.26197 0.0193951C6.26197 0.0064645 6.26809 0 6.28642 0H6.36588C6.36588 0 6.37811 -2.17025e-06 6.38422 0.0129284C6.46979 0.762901 6.60426 1.59046 6.7754 2.48267C7.15436 4.44165 7.78392 5.83168 9.7276 6.50407C10.8339 6.88553 11.9158 7.22172 12.9793 7.52559C13.0099 7.53206 13.0038 7.58378 12.9793 7.58378C10.4366 7.83593 7.99784 8.35314 7.14825 11.0492C6.75706 12.3034 6.53702 13.6288 6.35977 14.9348C6.35366 15.0059 6.31698 15.0189 6.26809 14.9736C6.2253 14.9413 6.20696 14.896 6.20085 14.8378C6.09083 13.5448 5.86468 12.284 5.52239 11.0621C4.80726 8.50831 2.39905 7.93937 0.210872 7.49326C-0.0702906 7.43507 -0.0702906 7.38335 0.210872 7.3381Z\" fill=\"#245286\"><\/path><\/svg>\t\t\t<\/span>\n\t\t\t\t\t\t\t\t\t<span class=\"elementor-button-text\">Libros<\/span>\n\t\t\t\t\t<\/span>\n\t\t\t\t\t<\/a>\n\t\t\t\t<\/div>\n\t\t\t\t\t\t\t\t<\/div>\n\t\t\t\t<\/div>\n\t\t\t\t<div class=\"elementor-element elementor-element-33d30a65 elementor-mobile-align-justify elementor-widget elementor-widget-button\" data-id=\"33d30a65\" data-element_type=\"widget\" data-e-type=\"widget\" data-widget_type=\"button.default\">\n\t\t\t\t<div class=\"elementor-widget-container\">\n\t\t\t\t\t\t\t\t\t<div class=\"elementor-button-wrapper\">\n\t\t\t\t\t<a class=\"elementor-button elementor-button-link elementor-size-sm\" href=\"https:\/\/yinyoga.de\/es\/dvd\/\">\n\t\t\t\t\t\t<span class=\"elementor-button-content-wrapper\">\n\t\t\t\t\t\t<span class=\"elementor-button-icon\">\n\t\t\t\t<svg xmlns=\"http:\/\/www.w3.org\/2000\/svg\" width=\"13\" height=\"15\" viewBox=\"0 0 13 15\" fill=\"none\"><path d=\"M0.210872 7.3381C1.9773 7.04716 4.51999 6.47175 5.29624 4.655C5.83412 3.38781 6.15806 1.84907 6.26197 0.0193951C6.26197 0.0064645 6.26809 0 6.28642 0H6.36588C6.36588 0 6.37811 -2.17025e-06 6.38422 0.0129284C6.46979 0.762901 6.60426 1.59046 6.7754 2.48267C7.15436 4.44165 7.78392 5.83168 9.7276 6.50407C10.8339 6.88553 11.9158 7.22172 12.9793 7.52559C13.0099 7.53206 13.0038 7.58378 12.9793 7.58378C10.4366 7.83593 7.99784 8.35314 7.14825 11.0492C6.75706 12.3034 6.53702 13.6288 6.35977 14.9348C6.35366 15.0059 6.31698 15.0189 6.26809 14.9736C6.2253 14.9413 6.20696 14.896 6.20085 14.8378C6.09083 13.5448 5.86468 12.284 5.52239 11.0621C4.80726 8.50831 2.39905 7.93937 0.210872 7.49326C-0.0702906 7.43507 -0.0702906 7.38335 0.210872 7.3381Z\" fill=\"#245286\"><\/path><\/svg>\t\t\t<\/span>\n\t\t\t\t\t\t\t\t\t<span class=\"elementor-button-text\">DVD<\/span>\n\t\t\t\t\t<\/span>\n\t\t\t\t\t<\/a>\n\t\t\t\t<\/div>\n\t\t\t\t\t\t\t\t<\/div>\n\t\t\t\t<\/div>\n\t\t\t\t<div class=\"elementor-element elementor-element-422d0f4c elementor-mobile-align-justify elementor-widget elementor-widget-button\" data-id=\"422d0f4c\" data-element_type=\"widget\" data-e-type=\"widget\" data-widget_type=\"button.default\">\n\t\t\t\t<div class=\"elementor-widget-container\">\n\t\t\t\t\t\t\t\t\t<div class=\"elementor-button-wrapper\">\n\t\t\t\t\t<a class=\"elementor-button elementor-button-link elementor-size-sm\" href=\"https:\/\/yinyoga.de\/videos\/\">\n\t\t\t\t\t\t<span class=\"elementor-button-content-wrapper\">\n\t\t\t\t\t\t<span class=\"elementor-button-icon\">\n\t\t\t\t<svg xmlns=\"http:\/\/www.w3.org\/2000\/svg\" width=\"13\" height=\"15\" viewBox=\"0 0 13 15\" fill=\"none\"><path d=\"M0.210872 7.3381C1.9773 7.04716 4.51999 6.47175 5.29624 4.655C5.83412 3.38781 6.15806 1.84907 6.26197 0.0193951C6.26197 0.0064645 6.26809 0 6.28642 0H6.36588C6.36588 0 6.37811 -2.17025e-06 6.38422 0.0129284C6.46979 0.762901 6.60426 1.59046 6.7754 2.48267C7.15436 4.44165 7.78392 5.83168 9.7276 6.50407C10.8339 6.88553 11.9158 7.22172 12.9793 7.52559C13.0099 7.53206 13.0038 7.58378 12.9793 7.58378C10.4366 7.83593 7.99784 8.35314 7.14825 11.0492C6.75706 12.3034 6.53702 13.6288 6.35977 14.9348C6.35366 15.0059 6.31698 15.0189 6.26809 14.9736C6.2253 14.9413 6.20696 14.896 6.20085 14.8378C6.09083 13.5448 5.86468 12.284 5.52239 11.0621C4.80726 8.50831 2.39905 7.93937 0.210872 7.49326C-0.0702906 7.43507 -0.0702906 7.38335 0.210872 7.3381Z\" fill=\"#245286\"><\/path><\/svg>\t\t\t<\/span>\n\t\t\t\t\t\t\t\t\t<span class=\"elementor-button-text\">V\u00eddeos<\/span>\n\t\t\t\t\t<\/span>\n\t\t\t\t\t<\/a>\n\t\t\t\t<\/div>\n\t\t\t\t\t\t\t\t<\/div>\n\t\t\t\t<\/div>\n\t\t\t\t<div class=\"elementor-element elementor-element-6900143b elementor-mobile-align-justify elementor-widget elementor-widget-button\" data-id=\"6900143b\" data-element_type=\"widget\" data-e-type=\"widget\" data-widget_type=\"button.default\">\n\t\t\t\t<div class=\"elementor-widget-container\">\n\t\t\t\t\t\t\t\t\t<div class=\"elementor-button-wrapper\">\n\t\t\t\t\t<a class=\"elementor-button elementor-button-link elementor-size-sm\" href=\"https:\/\/yinyoga.de\/es\/ponte-en-contacto-con\/\">\n\t\t\t\t\t\t<span class=\"elementor-button-content-wrapper\">\n\t\t\t\t\t\t<span class=\"elementor-button-icon\">\n\t\t\t\t<svg xmlns=\"http:\/\/www.w3.org\/2000\/svg\" width=\"13\" height=\"15\" viewBox=\"0 0 13 15\" fill=\"none\"><path d=\"M0.210872 7.3381C1.9773 7.04716 4.51999 6.47175 5.29624 4.655C5.83412 3.38781 6.15806 1.84907 6.26197 0.0193951C6.26197 0.0064645 6.26809 0 6.28642 0H6.36588C6.36588 0 6.37811 -2.17025e-06 6.38422 0.0129284C6.46979 0.762901 6.60426 1.59046 6.7754 2.48267C7.15436 4.44165 7.78392 5.83168 9.7276 6.50407C10.8339 6.88553 11.9158 7.22172 12.9793 7.52559C13.0099 7.53206 13.0038 7.58378 12.9793 7.58378C10.4366 7.83593 7.99784 8.35314 7.14825 11.0492C6.75706 12.3034 6.53702 13.6288 6.35977 14.9348C6.35366 15.0059 6.31698 15.0189 6.26809 14.9736C6.2253 14.9413 6.20696 14.896 6.20085 14.8378C6.09083 13.5448 5.86468 12.284 5.52239 11.0621C4.80726 8.50831 2.39905 7.93937 0.210872 7.49326C-0.0702906 7.43507 -0.0702906 7.38335 0.210872 7.3381Z\" fill=\"#245286\"><\/path><\/svg>\t\t\t<\/span>\n\t\t\t\t\t\t\t\t\t<span class=\"elementor-button-text\">Contacta con nosotros<\/span>\n\t\t\t\t\t<\/span>\n\t\t\t\t\t<\/a>\n\t\t\t\t<\/div>\n\t\t\t\t\t\t\t\t<\/div>\n\t\t\t\t<\/div>\n\t\t\t\t<\/div>\n\t\t\t\t<\/div>\n\t\t\t\t\t<\/div>\n\t\t\t\t<\/div>\n\t\t\t\t<\/div>\n\t\t","protected":false},"excerpt":{"rendered":"<p>V\u00eddeos Aqu\u00ed encontrar\u00e1s una peque\u00f1a selecci\u00f3n de mis v\u00eddeos sobre Yin Yoga, nutrici\u00f3n, etc. Puedes encontrar muchos m\u00e1s v\u00eddeos y secuencias de yin yoga en mi canal de YouTube &nbsp; Kann man Yin &amp; Yang in einer Praxis kombinieren? &nbsp; Yin Chakra Meditation &nbsp; Yin-Yoga-Sequenz f\u00fcr den Morgen mit Meridian-Klopfmassage &nbsp; Yin Yoga f\u00fcr den [&hellip;]<\/p>\n","protected":false},"author":1,"featured_media":0,"parent":0,"menu_order":0,"comment_status":"closed","ping_status":"closed","template":"","meta":{"footnotes":""},"class_list":["post-14008","page","type-page","status-publish","hentry"],"_links":{"self":[{"href":"https:\/\/yinyoga.de\/es\/wp-json\/wp\/v2\/pages\/14008","targetHints":{"allow":["GET"]}}],"collection":[{"href":"https:\/\/yinyoga.de\/es\/wp-json\/wp\/v2\/pages"}],"about":[{"href":"https:\/\/yinyoga.de\/es\/wp-json\/wp\/v2\/types\/page"}],"author":[{"embeddable":true,"href":"https:\/\/yinyoga.de\/es\/wp-json\/wp\/v2\/users\/1"}],"replies":[{"embeddable":true,"href":"https:\/\/yinyoga.de\/es\/wp-json\/wp\/v2\/comments?post=14008"}],"version-history":[{"count":1,"href":"https:\/\/yinyoga.de\/es\/wp-json\/wp\/v2\/pages\/14008\/revisions"}],"predecessor-version":[{"id":14009,"href":"https:\/\/yinyoga.de\/es\/wp-json\/wp\/v2\/pages\/14008\/revisions\/14009"}],"wp:attachment":[{"href":"https:\/\/yinyoga.de\/es\/wp-json\/wp\/v2\/media?parent=14008"}],"curies":[{"name":"wp","href":"https:\/\/api.w.org\/{rel}","templated":true}]}}