{"id":14079,"date":"2022-12-07T15:02:37","date_gmt":"2022-12-07T14:02:37","guid":{"rendered":"https:\/\/yinyoga.de\/formas-de-pago\/"},"modified":"2022-12-07T15:02:37","modified_gmt":"2022-12-07T14:02:37","slug":"formas-de-pago","status":"publish","type":"page","link":"https:\/\/yinyoga.de\/es\/formas-de-pago\/","title":{"rendered":"Formas de pago"},"content":{"rendered":"<p><strong>Descargo de responsabilidad: La siguiente plantilla ha sido creada por un abogado<a href=\"https:\/\/drschwenke.de\" rel=\"nofollow noopener\" target=\"_blank\">(https:\/\/drschwenke.de)<\/a> de acuerdo con los requisitos t\u00edpicos de una tienda online. Sin embargo, s\u00f3lo debes utilizar la plantilla tras examinarla detenidamente y adaptarla a tu modelo de negocio espec\u00edfico. Por ello, la siguiente muestra contiene notas adicionales que debes observar y pasajes en rojo que debes comprobar en particular y adaptar si es necesario. Por favor, elimina las notas despu\u00e9s de editarlas. En caso de duda, solicita asesoramiento jur\u00eddico. Derechos de autor: Puedes utilizar el dise\u00f1o dentro del dominio\/sitio web siempre que se le aplique tu licencia Marketpress. No est\u00e1 permitido cederlo a terceros, incluidos los clientes (por ejemplo, como desarrolladores).      <\/strong><\/p>\n<p><strong>Formas de pago<\/strong><\/p>\n<p>Ofrecemos los siguientes m\u00e9todos de pago. S\u00f3lo tienes que elegir el m\u00e9todo de pago que m\u00e1s te convenga. Los gastos de env\u00edo dependen en parte de la forma de pago seleccionada. Los precios indicados en las respectivas ofertas son precios finales. Incluyen todos los componentes del precio, incluidos los impuestos aplicables, como el IVA. S\u00f3lo en el caso de entregas transfronterizas puedes tener que pagar otros impuestos (por ejemplo, en el caso de una compra intracomunitaria) y\/o derechos (por ejemplo, derechos de aduana) en casos concretos, pero no al vendedor, sino a las autoridades aduaneras o fiscales all\u00ed competentes. Los gastos de entrega y env\u00edo en que se incurra no est\u00e1n incluidos en el precio de compra; pueden consultarse a trav\u00e9s de la p\u00e1gina &#8220;Gastos de env\u00edo&#8221;, se muestran por separado durante el proceso de pedido y corren por tu cuenta adicionalmente.      <\/p>\n<p><em>Contra reembolso<\/em><\/p>\n<p>Ten a mano el importe de la factura; el repartidor cobrar\u00e1 en efectivo a la entrega (no cheques). La entrega contra reembolso est\u00e1 sujeta a una tasa adicional de [6,50 EUR por pago contra reembolso], que debe abonarse directamente al repartidor del paquete. <\/p>\n<p><em>Domiciliaci\u00f3n bancaria<\/em><\/p>\n<p>Cargaremos el importe de la factura de tu pedido en tu cuenta bancaria registrada tras la realizaci\u00f3n del pedido. [M\u00e1s 2 euros de comisi\u00f3n]. <\/p>\n<p><em>A cuenta<\/em><br \/>\nSimplemente haz el pedido y paga despu\u00e9s. [M\u00e1s 2 euros de comisi\u00f3n] <\/p>\n<p><em>Tarjeta de cr\u00e9dito<\/em><\/p>\n<p>S\u00f3lo tienes que pagar con tarjeta de cr\u00e9dito.<\/p>\n<p><em>PayPal<\/em><\/p>\n<p>Paga de forma a\u00fan m\u00e1s r\u00e1pida y segura con tu cuenta PayPal.<\/p>\n<p><em>Pago por adelantado<\/em><\/p>\n<p>Env\u00edo gratuito dentro de Alemania (excepto env\u00edo urgente)<\/p>\n<p>Por favor, transfiere el importe total de tu pedido a nuestra cuenta:<\/p>\n<p>Titular de la cuenta: Demoshop GmbH &amp; Co. KG<br \/>\nN\u00famero de cuenta: 10000000<br \/>\nC\u00f3digo Sort: 222 22 222<br \/>\nBanco: Bank Demostadt<br \/>\nSWIFT: DELE944834<br \/>\nIBAN: DE12345678910111213<\/p>\n<p><em>Pago en met\u00e1lico<\/em><\/p>\n<p>Haz tu pedido en l\u00ednea y rec\u00f3gelo en nuestra tienda:<\/p>\n<p>Demoshop, Demostrasse 13<br \/>\n12345 Musterstadt, Alemania<br \/>\nLun &#8211; Vie 8:30 &#8211; 13:00, 14:30 &#8211; 18:00<br \/>\nS\u00e1b 9:00 &#8211; 13:00<\/p>\n","protected":false},"excerpt":{"rendered":"<p>Descargo de responsabilidad: La siguiente plantilla ha sido creada por un abogado(https:\/\/drschwenke.de) de acuerdo con los requisitos t\u00edpicos de una tienda online. Sin embargo, s\u00f3lo debes utilizar la plantilla tras examinarla detenidamente y adaptarla a tu modelo de negocio espec\u00edfico. Por ello, la siguiente muestra contiene notas adicionales que debes observar y pasajes en rojo [&hellip;]<\/p>\n","protected":false},"author":1,"featured_media":0,"parent":0,"menu_order":0,"comment_status":"closed","ping_status":"closed","template":"","meta":{"footnotes":""},"class_list":["post-14079","page","type-page","status-publish","hentry"],"_links":{"self":[{"href":"https:\/\/yinyoga.de\/es\/wp-json\/wp\/v2\/pages\/14079","targetHints":{"allow":["GET"]}}],"collection":[{"href":"https:\/\/yinyoga.de\/es\/wp-json\/wp\/v2\/pages"}],"about":[{"href":"https:\/\/yinyoga.de\/es\/wp-json\/wp\/v2\/types\/page"}],"author":[{"embeddable":true,"href":"https:\/\/yinyoga.de\/es\/wp-json\/wp\/v2\/users\/1"}],"replies":[{"embeddable":true,"href":"https:\/\/yinyoga.de\/es\/wp-json\/wp\/v2\/comments?post=14079"}],"version-history":[{"count":0,"href":"https:\/\/yinyoga.de\/es\/wp-json\/wp\/v2\/pages\/14079\/revisions"}],"wp:attachment":[{"href":"https:\/\/yinyoga.de\/es\/wp-json\/wp\/v2\/media?parent=14079"}],"curies":[{"name":"wp","href":"https:\/\/api.w.org\/{rel}","templated":true}]}}