{"id":14342,"date":"2017-11-23T08:22:25","date_gmt":"2017-11-23T07:22:25","guid":{"rendered":"https:\/\/yinyoga.de\/produkt\/yoga-en-la-habitacion-del-hotel\/"},"modified":"2017-11-23T08:22:25","modified_gmt":"2017-11-23T07:22:25","slug":"yoga-en-la-habitacion-del-hotel","status":"publish","type":"product","link":"https:\/\/yinyoga.de\/es\/produkt\/yoga-en-la-habitacion-del-hotel\/","title":{"rendered":"Yoga en la habitaci\u00f3n del hotel"},"content":{"rendered":"<p>Yoga en habitaciones de hotel: improvisar en los espacios m\u00e1s reducidos<\/p>\n<p>A veces simplemente no hay sitio para extender una esterilla de yoga. Stefanie Arend muestra c\u00f3mo, con un poco de improvisaci\u00f3n, se pueden seguir realizando los conocidos y familiares ejercicios de yoga de la pr\u00e1ctica diaria. Utiliza como ayuda cosas que probablemente se encuentran en cualquier casa o habitaci\u00f3n de hotel: Sof\u00e1 o silla, mesa, picaporte, marco de la puerta, toallero o el cintur\u00f3n de un albornoz. As\u00ed que no necesitas una esterilla de yoga, bloques, correas de yoga o rodillos para esta pr\u00e1ctica de ejercicios y, por tanto, puedes empezar en cualquier lugar y en cualquier momento. Los ejercicios son f\u00e1ciles de hacer y ayudan a reequilibrar el cuerpo o a recuperar el contacto contigo mismo despu\u00e9s de un d\u00eda ajetreado. No tiene por qu\u00e9 ser siempre una pr\u00e1ctica de hora y media, puedes simplemente hacer algo bueno para tu cuerpo y para ti mismo durante unos minutos entre horas.     <\/p>\n<p>Actualmente s\u00f3lo disponible <a href=\"https:\/\/www.amazon.de\/Hotelzimmer-Yoga-Improvisieren-auf-kleinstem-Raum-ebook\/dp\/B00JAAZSGW\/ref=sr_1_1_twi_kin_2?ie=UTF8&amp;qid=1513353481&amp;sr=8-1&amp;keywords=hotelzimmer+yoga\" target=\"_blank\" rel=\"noopener\">en versi\u00f3n Kindle<\/a>.<\/p>\n<p>Formato: R\u00fastica P\u00e1ginas: 96<\/p>\n","protected":false},"excerpt":{"rendered":"<p>A veces simplemente no hay sitio para extender una esterilla de yoga. Stefanie Arend muestra c\u00f3mo, con un poco de improvisaci\u00f3n, se pueden seguir realizando los conocidos y familiares ejercicios de yoga de la pr\u00e1ctica diaria. <\/p>\n","protected":false},"featured_media":14341,"comment_status":"open","ping_status":"closed","template":"","meta":[],"product_brand":[],"product_cat":[183,182],"product_tag":[],"class_list":{"0":"post-14342","1":"product","2":"type-product","3":"status-publish","4":"has-post-thumbnail","6":"product_cat-aleman","7":"product_cat-libros","9":"first","10":"instock","11":"taxable","12":"shipping-taxable","13":"product-type-external"},"_links":{"self":[{"href":"https:\/\/yinyoga.de\/es\/wp-json\/wp\/v2\/product\/14342","targetHints":{"allow":["GET"]}}],"collection":[{"href":"https:\/\/yinyoga.de\/es\/wp-json\/wp\/v2\/product"}],"about":[{"href":"https:\/\/yinyoga.de\/es\/wp-json\/wp\/v2\/types\/product"}],"replies":[{"embeddable":true,"href":"https:\/\/yinyoga.de\/es\/wp-json\/wp\/v2\/comments?post=14342"}],"version-history":[{"count":0,"href":"https:\/\/yinyoga.de\/es\/wp-json\/wp\/v2\/product\/14342\/revisions"}],"wp:featuredmedia":[{"embeddable":true,"href":"https:\/\/yinyoga.de\/es\/wp-json\/wp\/v2\/media\/14341"}],"wp:attachment":[{"href":"https:\/\/yinyoga.de\/es\/wp-json\/wp\/v2\/media?parent=14342"}],"wp:term":[{"taxonomy":"product_brand","embeddable":true,"href":"https:\/\/yinyoga.de\/es\/wp-json\/wp\/v2\/product_brand?post=14342"},{"taxonomy":"product_cat","embeddable":true,"href":"https:\/\/yinyoga.de\/es\/wp-json\/wp\/v2\/product_cat?post=14342"},{"taxonomy":"product_tag","embeddable":true,"href":"https:\/\/yinyoga.de\/es\/wp-json\/wp\/v2\/product_tag?post=14342"}],"curies":[{"name":"wp","href":"https:\/\/api.w.org\/{rel}","templated":true}]}}