{"id":14346,"date":"2017-11-23T08:14:45","date_gmt":"2017-11-23T07:14:45","guid":{"rendered":"https:\/\/yinyoga.de\/produkt\/desintoxicacion-con-yoga-yin-y-yang\/"},"modified":"2017-11-23T08:14:45","modified_gmt":"2017-11-23T07:14:45","slug":"desintoxicacion-con-yoga-yin-y-yang","status":"publish","type":"product","link":"https:\/\/yinyoga.de\/es\/produkt\/desintoxicacion-con-yoga-yin-y-yang\/","title":{"rendered":"Desintoxicaci\u00f3n con yoga yin y yang"},"content":{"rendered":"<div class=\"katalog_autor\">\n<p>Desintox\u00edcate con yoga yin y yang &#8211; desintox\u00edcate suavemente con yoga<\/p>\n<p><span style=\"font-size: 1rem;\">Stefanie Arend, profesora de yoga y asesora nutricional, lleva a\u00f1os buscando una forma de regenerar su agotado cuerpo. Con una combinaci\u00f3n de yoga yin y yang, ha encontrado una forma suave pero vigorizante de desintoxicar el cuerpo y hacerlo m\u00e1s vital y eficiente: Los estiramientos profundos del tranquilo yoga yin estimulan la fascia que da forma a nuestro cuerpo, as\u00ed como los meridianos y \u00f3rganos, permitiendo que los productos de desecho y los dep\u00f3sitos se eliminen con mayor eficacia. Al mismo tiempo, nuestro sistema nervioso se calma mediante la perseverancia prolongada en los ejercicios individuales. Cuerpo y mente se armonizan. El Yang Yoga Activo nos da fuerza y energ\u00eda revitalizadoras. Las asanas estimulan enormemente nuestro metabolismo y nos hacen sudar para que las toxinas se eliminen al exterior.     <\/span>  En este libro, Stefanie Arend combina su pasi\u00f3n por el yoga yin y yang con su experiencia en nutrici\u00f3n y desintoxicaci\u00f3n. Numerosos ejercicios y recetas te muestran c\u00f3mo puedes desintoxicarte de forma hol\u00edstica. Al liberarte de tu viejo equipaje, podr\u00e1s encontrar tu centro interior y recargar las pilas.  <\/p>\n<p>Muestra de lectura <a href=\"https:\/\/amzn.to\/3vt4zYM\" target=\"_blank\" rel=\"noopener\">https:\/\/amzn.to\/3vt4zYM<\/a> Fecha de publicaci\u00f3n: 15 de diciembre de 2014<\/p>\n<p>Formato: R\u00fastica P\u00e1ginas: 192<\/p>\n<\/div>\n","protected":false},"excerpt":{"rendered":"<p>En este libro, Stefanie Arend combina su pasi\u00f3n por el yoga yin y yang con su experiencia en nutrici\u00f3n y desintoxicaci\u00f3n. Numerosos ejercicios y recetas te muestran c\u00f3mo puedes desintoxicarte de forma hol\u00edstica. Al liberarte de tu viejo equipaje, podr\u00e1s encontrar tu centro interior y recargar las pilas.  <\/p>\n","protected":false},"featured_media":14345,"comment_status":"open","ping_status":"closed","template":"","meta":[],"product_brand":[],"product_cat":[182],"product_tag":[],"class_list":{"0":"post-14346","1":"product","2":"type-product","3":"status-publish","4":"has-post-thumbnail","6":"product_cat-libros","8":"first","9":"instock","10":"taxable","11":"shipping-taxable","12":"product-type-external"},"_links":{"self":[{"href":"https:\/\/yinyoga.de\/es\/wp-json\/wp\/v2\/product\/14346","targetHints":{"allow":["GET"]}}],"collection":[{"href":"https:\/\/yinyoga.de\/es\/wp-json\/wp\/v2\/product"}],"about":[{"href":"https:\/\/yinyoga.de\/es\/wp-json\/wp\/v2\/types\/product"}],"replies":[{"embeddable":true,"href":"https:\/\/yinyoga.de\/es\/wp-json\/wp\/v2\/comments?post=14346"}],"version-history":[{"count":0,"href":"https:\/\/yinyoga.de\/es\/wp-json\/wp\/v2\/product\/14346\/revisions"}],"wp:featuredmedia":[{"embeddable":true,"href":"https:\/\/yinyoga.de\/es\/wp-json\/wp\/v2\/media\/14345"}],"wp:attachment":[{"href":"https:\/\/yinyoga.de\/es\/wp-json\/wp\/v2\/media?parent=14346"}],"wp:term":[{"taxonomy":"product_brand","embeddable":true,"href":"https:\/\/yinyoga.de\/es\/wp-json\/wp\/v2\/product_brand?post=14346"},{"taxonomy":"product_cat","embeddable":true,"href":"https:\/\/yinyoga.de\/es\/wp-json\/wp\/v2\/product_cat?post=14346"},{"taxonomy":"product_tag","embeddable":true,"href":"https:\/\/yinyoga.de\/es\/wp-json\/wp\/v2\/product_tag?post=14346"}],"curies":[{"name":"wp","href":"https:\/\/api.w.org\/{rel}","templated":true}]}}