{"id":14353,"date":"2017-11-23T08:20:51","date_gmt":"2017-11-23T07:20:51","guid":{"rendered":"https:\/\/yinyoga.de\/produkt\/surya-namaskar-el-saludo-al-sol\/"},"modified":"2017-11-23T08:20:51","modified_gmt":"2017-11-23T07:20:51","slug":"surya-namaskar-el-saludo-al-sol","status":"publish","type":"product","link":"https:\/\/yinyoga.de\/es\/produkt\/surya-namaskar-el-saludo-al-sol\/","title":{"rendered":"Surya Namaskar &#8211; El Saludo al Sol"},"content":{"rendered":"<p>Surya Namaskar &#8211; El Saludo al Sol<\/p>\n<p>En diciembre de 2014, \u00a1este libro fue elegido el mejor libro de yoga del a\u00f1o por los lectores de &#8220;Yogaguide&#8221; en los pa\u00edses de habla alemana!<\/p>\n<p><span style=\"font-size: 1rem;\">\u00bfCrees que ya lo sabes todo sobre el saludo al sol? Se ha convertido en un ejercicio de calentamiento indispensable en muchos estilos de yoga. Descubre nuevas formas en este libro. Stefanie Arend presenta diversas formas del saludo al sol. Tambi\u00e9n te muestra una variaci\u00f3n innovadora que combina armoniosamente la energ\u00eda masculina (yang) con la femenina (yin). Como resultado, este ejercicio es mucho m\u00e1s suave y, a diferencia del saludo al sol tradicional y fortalecedor, se utiliza para estirarse. Todas las secuencias de asanas se explican de forma f\u00e1cil de entender con la ayuda de fotos claras. Encuentra tu propia variaci\u00f3n del saludo al sol.         <\/span><span style=\"font-size: 1rem;\">Tambi\u00e9n adecuado para principiantes de yoga.<\/span><\/p>\n<p>Actualmente s\u00f3lo disponible <a href=\"https:\/\/www.amazon.de\/Sonnengru%C3%9F-namaskar-zus%C3%A4tzlicher-Variante-Yin-Yoga\/dp\/3843451079\/ref=sr_1_12?__mk_de_DE=%C3%85M%C3%85%C5%BD%C3%95%C3%91&amp;dchild=1&amp;keywords=stefanie+arend&amp;qid=1624212791&amp;sr=8-12\" target=\"_blank\" rel=\"noopener\">en versi\u00f3n Kindle<\/a>.<\/p>\n<p>Formato: R\u00fastica P\u00e1ginas: 114<\/p>\n","protected":false},"excerpt":{"rendered":"<p>En diciembre de 2014, \u00a1este libro fue elegido el mejor libro de yoga del a\u00f1o por los lectores de &#8220;Yogaguide&#8221; en los pa\u00edses de habla alemana!<\/p>\n","protected":false},"featured_media":14344,"comment_status":"open","ping_status":"closed","template":"","meta":[],"product_brand":[],"product_cat":[182],"product_tag":[],"class_list":{"0":"post-14353","1":"product","2":"type-product","3":"status-publish","4":"has-post-thumbnail","6":"product_cat-libros","8":"first","9":"instock","10":"taxable","11":"shipping-taxable","12":"product-type-external"},"_links":{"self":[{"href":"https:\/\/yinyoga.de\/es\/wp-json\/wp\/v2\/product\/14353","targetHints":{"allow":["GET"]}}],"collection":[{"href":"https:\/\/yinyoga.de\/es\/wp-json\/wp\/v2\/product"}],"about":[{"href":"https:\/\/yinyoga.de\/es\/wp-json\/wp\/v2\/types\/product"}],"replies":[{"embeddable":true,"href":"https:\/\/yinyoga.de\/es\/wp-json\/wp\/v2\/comments?post=14353"}],"version-history":[{"count":0,"href":"https:\/\/yinyoga.de\/es\/wp-json\/wp\/v2\/product\/14353\/revisions"}],"wp:featuredmedia":[{"embeddable":true,"href":"https:\/\/yinyoga.de\/es\/wp-json\/wp\/v2\/media\/14344"}],"wp:attachment":[{"href":"https:\/\/yinyoga.de\/es\/wp-json\/wp\/v2\/media?parent=14353"}],"wp:term":[{"taxonomy":"product_brand","embeddable":true,"href":"https:\/\/yinyoga.de\/es\/wp-json\/wp\/v2\/product_brand?post=14353"},{"taxonomy":"product_cat","embeddable":true,"href":"https:\/\/yinyoga.de\/es\/wp-json\/wp\/v2\/product_cat?post=14353"},{"taxonomy":"product_tag","embeddable":true,"href":"https:\/\/yinyoga.de\/es\/wp-json\/wp\/v2\/product_tag?post=14353"}],"curies":[{"name":"wp","href":"https:\/\/api.w.org\/{rel}","templated":true}]}}