{"id":14356,"date":"2017-11-23T08:08:31","date_gmt":"2017-11-23T07:08:31","guid":{"rendered":"https:\/\/yinyoga.de\/produkt\/masaje-de-la-fascia\/"},"modified":"2017-11-23T08:08:31","modified_gmt":"2017-11-23T07:08:31","slug":"masaje-de-la-fascia","status":"publish","type":"product","link":"https:\/\/yinyoga.de\/es\/produkt\/masaje-de-la-fascia\/","title":{"rendered":"Masaje de la fascia"},"content":{"rendered":"<p>Masaje de la fascia<\/p>\n<p>Recorren nuestro cuerpo como una red de la cabeza a los pies, estabiliz\u00e1ndolo, d\u00e1ndole su forma y mejorando nuestra conciencia y coordinaci\u00f3n corporales. Si no les prestamos suficiente atenci\u00f3n, se pegan entre s\u00ed y esto puede provocar tensi\u00f3n y dolor en todo el cuerpo. Encuentra un enfoque hol\u00edstico para conseguir un cuerpo sano, flexible y fuerte: la experta en yin yoga Stefanie Arend te ense\u00f1ar\u00e1 ejercicios suaves pero muy eficaces para fortalecer y tonificar las fascias. Se utilizan bolas de fascia en lugar de rollos de fascia. Tienen un efecto m\u00e1s espec\u00edfico y, gracias a las numerosas im\u00e1genes, es f\u00e1cil hacer los ejercicios en casa.    <\/p>\n<p>Lectura de la muestra <a href=\"https:\/\/www.schirner.com\/files\/leseproben\/1217_Leseprobe.pdf\" target=\"_blank\" rel=\"noopener\"><img fetchpriority=\"high\" decoding=\"async\" class=\"alignnone wp-image-352 size-full\" src=\"https:\/\/www.yinyoga.de\/wp-content\/uploads\/2017\/07\/buch_faszien_preview.jpg\" alt=\"\" width=\"1200\" height=\"756\">https:\/\/amzn.to\/3GvS1GD<\/a><\/p>\n<p>Formato: R\u00fastica P\u00e1ginas: 168<\/p>\n","protected":false},"excerpt":{"rendered":"<p>Las fascias recorren nuestro cuerpo como una red de la cabeza a los pies, estabiliz\u00e1ndolo, d\u00e1ndole su forma y mejorando nuestra conciencia y coordinaci\u00f3n corporales.<\/p>\n","protected":false},"featured_media":14355,"comment_status":"open","ping_status":"closed","template":"","meta":[],"product_brand":[],"product_cat":[182],"product_tag":[],"class_list":{"0":"post-14356","1":"product","2":"type-product","3":"status-publish","4":"has-post-thumbnail","6":"product_cat-libros","8":"first","9":"instock","10":"taxable","11":"shipping-taxable","12":"product-type-external"},"_links":{"self":[{"href":"https:\/\/yinyoga.de\/es\/wp-json\/wp\/v2\/product\/14356","targetHints":{"allow":["GET"]}}],"collection":[{"href":"https:\/\/yinyoga.de\/es\/wp-json\/wp\/v2\/product"}],"about":[{"href":"https:\/\/yinyoga.de\/es\/wp-json\/wp\/v2\/types\/product"}],"replies":[{"embeddable":true,"href":"https:\/\/yinyoga.de\/es\/wp-json\/wp\/v2\/comments?post=14356"}],"version-history":[{"count":0,"href":"https:\/\/yinyoga.de\/es\/wp-json\/wp\/v2\/product\/14356\/revisions"}],"wp:featuredmedia":[{"embeddable":true,"href":"https:\/\/yinyoga.de\/es\/wp-json\/wp\/v2\/media\/14355"}],"wp:attachment":[{"href":"https:\/\/yinyoga.de\/es\/wp-json\/wp\/v2\/media?parent=14356"}],"wp:term":[{"taxonomy":"product_brand","embeddable":true,"href":"https:\/\/yinyoga.de\/es\/wp-json\/wp\/v2\/product_brand?post=14356"},{"taxonomy":"product_cat","embeddable":true,"href":"https:\/\/yinyoga.de\/es\/wp-json\/wp\/v2\/product_cat?post=14356"},{"taxonomy":"product_tag","embeddable":true,"href":"https:\/\/yinyoga.de\/es\/wp-json\/wp\/v2\/product_tag?post=14356"}],"curies":[{"name":"wp","href":"https:\/\/api.w.org\/{rel}","templated":true}]}}