{"id":14527,"date":"2026-02-03T16:48:20","date_gmt":"2026-02-03T15:48:20","guid":{"rendered":"https:\/\/yinyoga.de\/produkt\/hormonas-en-equilibrio-con-el-yin-yoga\/"},"modified":"2026-02-03T16:48:20","modified_gmt":"2026-02-03T15:48:20","slug":"hormonas-en-equilibrio-con-el-yin-yoga","status":"publish","type":"product","link":"https:\/\/yinyoga.de\/es\/produkt\/hormonas-en-equilibrio-con-el-yin-yoga\/","title":{"rendered":"Hormonas en equilibrio con el Yin Yoga"},"content":{"rendered":"<p>Las \u00faltimas correcciones de mi nuevo libro &#8220;Hormonas en equilibrio con el Yin Yoga&#8221; ya han sido enviadas a la editorial despu\u00e9s de tantos meses de intenso trabajo en este proyecto. En esta obra se ha invertido una cantidad incre\u00edble de amor, tiempo, esfuerzo e investigaci\u00f3n, y estoy muy agradecida de que se publique el 13 de mayo de 2026. Este libro te ayudar\u00e1 a comprender y apoyar a\u00fan mejor tu cuerpo e incluye numerosas secuencias de yin yoga adaptadas a diferentes problemas hormonales. Al hacer un pedido anticipado, est\u00e1s ayudando a la editorial a planificar la primera edici\u00f3n y apoyando directamente este proyecto tan cercano a nuestros corazones. Por favor, aseg\u00farate de guardar tu comprobante de compra, ya que habr\u00e1 una sorpresa adicional de mi parte junto con el libro. \u00a1Pronto te contar\u00e9 m\u00e1s detalles!     <\/p>\n","protected":false},"excerpt":{"rendered":"<p>Las \u00faltimas correcciones de mi nuevo libro &#8220;Hormonas en equilibrio con el Yin Yoga&#8221; ya han sido enviadas a la editorial despu\u00e9s de tantos meses de intenso trabajo en este proyecto. En esta obra se ha invertido una cantidad incre\u00edble de amor, tiempo, esfuerzo e investigaci\u00f3n, y estoy muy agradecida de que se publique el [&hellip;]<\/p>\n","protected":false},"featured_media":14526,"comment_status":"closed","ping_status":"closed","template":"","meta":[],"product_brand":[],"product_cat":[182],"product_tag":[],"class_list":{"0":"post-14527","1":"product","2":"type-product","3":"status-publish","4":"has-post-thumbnail","6":"product_cat-libros","8":"first","9":"instock","10":"product-type-external"},"_links":{"self":[{"href":"https:\/\/yinyoga.de\/es\/wp-json\/wp\/v2\/product\/14527","targetHints":{"allow":["GET"]}}],"collection":[{"href":"https:\/\/yinyoga.de\/es\/wp-json\/wp\/v2\/product"}],"about":[{"href":"https:\/\/yinyoga.de\/es\/wp-json\/wp\/v2\/types\/product"}],"replies":[{"embeddable":true,"href":"https:\/\/yinyoga.de\/es\/wp-json\/wp\/v2\/comments?post=14527"}],"version-history":[{"count":0,"href":"https:\/\/yinyoga.de\/es\/wp-json\/wp\/v2\/product\/14527\/revisions"}],"wp:featuredmedia":[{"embeddable":true,"href":"https:\/\/yinyoga.de\/es\/wp-json\/wp\/v2\/media\/14526"}],"wp:attachment":[{"href":"https:\/\/yinyoga.de\/es\/wp-json\/wp\/v2\/media?parent=14527"}],"wp:term":[{"taxonomy":"product_brand","embeddable":true,"href":"https:\/\/yinyoga.de\/es\/wp-json\/wp\/v2\/product_brand?post=14527"},{"taxonomy":"product_cat","embeddable":true,"href":"https:\/\/yinyoga.de\/es\/wp-json\/wp\/v2\/product_cat?post=14527"},{"taxonomy":"product_tag","embeddable":true,"href":"https:\/\/yinyoga.de\/es\/wp-json\/wp\/v2\/product_tag?post=14527"}],"curies":[{"name":"wp","href":"https:\/\/api.w.org\/{rel}","templated":true}]}}