{"id":14536,"date":"2017-11-23T07:55:20","date_gmt":"2017-11-23T06:55:20","guid":{"rendered":"https:\/\/yinyoga.de\/produkt\/saludable-a-traves-del-yin-yoga\/"},"modified":"2017-11-23T07:55:20","modified_gmt":"2017-11-23T06:55:20","slug":"saludable-a-traves-del-yin-yoga","status":"publish","type":"product","link":"https:\/\/yinyoga.de\/es\/produkt\/saludable-a-traves-del-yin-yoga\/","title":{"rendered":"Saludable a trav\u00e9s del Yin Yoga"},"content":{"rendered":"<p>El yin yoga no s\u00f3lo fortalece tu cuerpo, haci\u00e9ndolo m\u00e1s vital y eficiente, sino que tambi\u00e9n te ayuda con muchas dolencias t\u00edpicas de la vida cotidiana. Tanto si te rechinan los dientes como si sufres dolores durante la menstruaci\u00f3n, estados de \u00e1nimo depresivos, tensi\u00f3n o s\u00edndrome del intestino irritable, Stefanie Arend ha reunido numerosas secuencias de Yin Yoga en colaboraci\u00f3n con la Dra. Angela Montenegro, que puedes utilizar para estimular activamente la autocuraci\u00f3n de tu mente y tu cuerpo y volver a sentirte pronto relajado y sin dolor. Complementada con consejos sobre nutrici\u00f3n saludable y curaci\u00f3n de meridianos, as\u00ed como con ejercicios de terapia de la fascia, esta gu\u00eda ofrece un programa integral de yoga para principiantes y practicantes avanzados.<\/p>\n<p>Puedes encontrar una muestra aqu\u00ed: <a href=\"https:\/\/www.randomhouse.de\/Paperback\/Gesund-durch-Yin-Yoga\/Stefanie-Arend\/Suedwest\/e489345.rhd\" target=\"_blank\" rel=\"noopener\">Muestra de lectura<\/a><\/p>\n<ul>\n<li>Formato: R\u00fastica<\/li>\n<li>P\u00e1ginas: 192<\/li>\n<\/ul>\n","protected":false},"excerpt":{"rendered":"<p>Tanto si te rechinan los dientes como si sufres dolores durante la menstruaci\u00f3n, estados de \u00e1nimo depresivos, tensi\u00f3n o s\u00edndrome del intestino irritable, Stefanie Arend ha reunido numerosas secuencias de Yin Yoga en colaboraci\u00f3n con la Dra. Angela Montenegro, que puedes utilizar para estimular activamente la autocuraci\u00f3n de tu mente y tu cuerpo y volver a sentirte pronto relajado y sin dolor.<\/p>\n","protected":false},"featured_media":14710,"comment_status":"open","ping_status":"closed","template":"","meta":[],"product_brand":[],"product_cat":[182],"product_tag":[],"class_list":{"0":"post-14536","1":"product","2":"type-product","3":"status-publish","4":"has-post-thumbnail","6":"product_cat-libros","8":"first","9":"instock","10":"taxable","11":"shipping-taxable","12":"product-type-external"},"_links":{"self":[{"href":"https:\/\/yinyoga.de\/es\/wp-json\/wp\/v2\/product\/14536","targetHints":{"allow":["GET"]}}],"collection":[{"href":"https:\/\/yinyoga.de\/es\/wp-json\/wp\/v2\/product"}],"about":[{"href":"https:\/\/yinyoga.de\/es\/wp-json\/wp\/v2\/types\/product"}],"replies":[{"embeddable":true,"href":"https:\/\/yinyoga.de\/es\/wp-json\/wp\/v2\/comments?post=14536"}],"version-history":[{"count":0,"href":"https:\/\/yinyoga.de\/es\/wp-json\/wp\/v2\/product\/14536\/revisions"}],"wp:featuredmedia":[{"embeddable":true,"href":"https:\/\/yinyoga.de\/es\/wp-json\/wp\/v2\/media\/14710"}],"wp:attachment":[{"href":"https:\/\/yinyoga.de\/es\/wp-json\/wp\/v2\/media?parent=14536"}],"wp:term":[{"taxonomy":"product_brand","embeddable":true,"href":"https:\/\/yinyoga.de\/es\/wp-json\/wp\/v2\/product_brand?post=14536"},{"taxonomy":"product_cat","embeddable":true,"href":"https:\/\/yinyoga.de\/es\/wp-json\/wp\/v2\/product_cat?post=14536"},{"taxonomy":"product_tag","embeddable":true,"href":"https:\/\/yinyoga.de\/es\/wp-json\/wp\/v2\/product_tag?post=14536"}],"curies":[{"name":"wp","href":"https:\/\/api.w.org\/{rel}","templated":true}]}}